{"id":190,"date":"2023-11-23T12:08:12","date_gmt":"2023-11-23T11:08:12","guid":{"rendered":"http:\/\/alpha-technologie.com\/?page_id=190"},"modified":"2023-11-27T16:28:00","modified_gmt":"2023-11-27T15:28:00","slug":"controle-dacces","status":"publish","type":"page","link":"http:\/\/alpha-technologie.com\/?page_id=190","title":{"rendered":"Contr\u00f4le d&rsquo;acc\u00e8s"},"content":{"rendered":"[vc_row fullwidth=\u00a0\u00bbtrue\u00a0\u00bb css=\u00a0\u00bb.vc_custom_1700738844601{background-image: url(http:\/\/alpha-technologie.com\/wp-content\/uploads\/2023\/11\/controle-acces-.jpg?id=192) !important;background-position: center !important;background-repeat: no-repeat !important;background-size: cover !important;}\u00a0\u00bb][vc_column][mk_padding_divider size=\u00a0\u00bb130&Prime;][mk_title_box color=\u00a0\u00bb#bf752b\u00a0\u00bb size=\u00a0\u00bb50&Prime; stroke_color=\u00a0\u00bb#000000&Prime; margin_top=\u00a0\u00bb51&Prime; margin_bottom=\u00a0\u00bb301&Prime; font_family=\u00a0\u00bbBentham\u00a0\u00bb font_type=\u00a0\u00bbgoogle\u00a0\u00bb align=\u00a0\u00bbcenter\u00a0\u00bb]Contr\u00f4le d&rsquo;acc\u00e8s[\/mk_title_box][\/vc_column][\/vc_row][vc_row][vc_column width=\u00a0\u00bb1\/2&Prime;][mk_padding_divider size=\u00a0\u00bb147&Prime;][mk_gallery images=\u00a0\u00bb201,202,204&Prime; image_size=\u00a0\u00bbmedium\u00a0\u00bb hover_scenarios=\u00a0\u00bbslow_zoom\u00a0\u00bb frame_style=\u00a0\u00bbrounded\u00a0\u00bb][mk_image src=\u00a0\u00bbhttp:\/\/alpha-technologie.com\/wp-content\/uploads\/2023\/11\/getpaidstock.com-655f791fc05fa.jpg\u00a0\u00bb image_height=\u00a0\u00bb463&Prime;][\/vc_column][vc_column width=\u00a0\u00bb1\/2&Prime;][mk_padding_divider][vc_column_text css=\u00a0\u00bb.vc_custom_1700757158231{margin-bottom: -30px !important;}\u00a0\u00bb]Solutions pour contr\u00f4ler tous les aller et venir et des droits d&rsquo;acc\u00e8s.[\/vc_column_text][vc_separator][vc_custom_heading text=\u00a0\u00bbNotre expertise fait que nos solutions sont sur mesure\u00a0\u00bb google_fonts=\u00a0\u00bbfont_family:Aclonica%3Aregular|font_style:400%20regular%3A400%3Anormal\u00a0\u00bb][vc_column_text css=\u00a0\u00bb.vc_custom_1700755173610{margin-bottom: 0px !important;}\u00a0\u00bb]Un appareil de contr\u00f4le d&rsquo;acc\u00e8s est con\u00e7u pour r\u00e9guler et surveiller l&rsquo;acc\u00e8s \u00e0 des zones sp\u00e9cifiques. Ainsi, vous avez la possibilit\u00e9 de tenir un historique d\u00e9taill\u00e9 des acc\u00e8s autoris\u00e9s et refus\u00e9s, facilitant ainsi la gestion des incidents et l&rsquo;analyse des sch\u00e9mas de comportement. Les diff\u00e9rents types de contr\u00f4le d&rsquo;acc\u00e8s:<\/p>\n<ul>\n<li><strong>Lecteurs de Cartes ou Badges :<\/strong> L&rsquo;utilisation de cartes d&rsquo;acc\u00e8s ou de badges magn\u00e9tiques qui peuvent \u00eatre assign\u00e9s \u00e0 des utilisateurs sp\u00e9cifiques.<\/li>\n<li><strong>Lecteurs Biom\u00e9triques :<\/strong> L&rsquo;int\u00e9gration de lecteurs d&#8217;empreintes digitales, de scanners r\u00e9tiniens ou d&rsquo;autres technologies biom\u00e9triques pour une identification pr\u00e9cise et s\u00e9curis\u00e9e.<\/li>\n<li><strong>Codes PIN :<\/strong> La possibilit\u00e9 d&rsquo;utiliser des codes PIN pour l&rsquo;authentification, g\u00e9n\u00e9ralement combin\u00e9e avec d&rsquo;autres m\u00e9thodes pour une s\u00e9curit\u00e9 renforc\u00e9e.<\/li>\n<\/ul>\n<p>les avantages du contr\u00f4le d&rsquo;acc\u00e8s va au-del\u00e0 de la simple restriction d&rsquo;acc\u00e8s et contribue \u00e0 renforcer la s\u00e9curit\u00e9 globale tout en facilitant une gestion plus efficace et transparente des utilisateurs et des ressources.[\/vc_column_text][vc_btn title=\u00a0\u00bbAbtenez un devis\u00a0\u00bb color=\u00a0\u00bbsky\u00a0\u00bb align=\u00a0\u00bbcenter\u00a0\u00bb css_animation=\u00a0\u00bbbounceInLeft\u00a0\u00bb][\/vc_column][\/vc_row][vc_row][vc_column width=\u00a0\u00bb1\/4&Prime;][\/vc_column][vc_column width=\u00a0\u00bb1\/4&Prime;][mk_flipbox back_background_color=\u00a0\u00bb#15309b\u00a0\u00bb image=\u00a0\u00bbhttp:\/\/alpha-technologie.com\/wp-content\/uploads\/2023\/11\/getpaidstock.com-64cbabe92fb1e.jpg\u00a0\u00bb front_title=\u00a0\u00bbSyst\u00e8me de controle d&rsquo;acc\u00e8s\u00a0\u00bb front_title_color=\u00a0\u00bb#2b2b2b\u00a0\u00bb back_title_color=\u00a0\u00bb#ffffff\u00a0\u00bb back_desc=\u00a0\u00bbOptez pour l&rsquo;installation d&rsquo;un syst\u00e8me de contr\u00f4le d&rsquo;acc\u00e8s innovant et assurez la s\u00e9curit\u00e9 optimale de vos locaux en r\u00e9gulant efficacement les acc\u00e8s autoris\u00e9s.\u00a0\u00bb back_desc_size=\u00a0\u00bb17&Prime; back_desc_color=\u00a0\u00bb#ffffff\u00a0\u00bb][\/vc_column][vc_column width=\u00a0\u00bb1\/4&Prime;][mk_flipbox back_background_color=\u00a0\u00bb#15309b\u00a0\u00bb image=\u00a0\u00bbhttp:\/\/alpha-technologie.com\/wp-content\/uploads\/2023\/11\/reconnaissance-faciale-arotek.jpg\u00a0\u00bb front_title=\u00a0\u00bbSolution de s\u00e9curit\u00e9 pour votre activit\u00e9\u00a0\u00bb front_title_color=\u00a0\u00bb#2b2b2b\u00a0\u00bb back_title_color=\u00a0\u00bb#ffffff\u00a0\u00bb back_desc=\u00a0\u00bbAdoptez un contr\u00f4le d&rsquo;acc\u00e8s efficace pour renforcer la s\u00e9curit\u00e9 et ma\u00eetriser les acc\u00e8s \u00e0 votre site.\u00a0\u00bb back_desc_size=\u00a0\u00bb17&Prime; back_desc_color=\u00a0\u00bb#ffffff\u00a0\u00bb][\/vc_column][vc_column width=\u00a0\u00bb1\/4&Prime;][\/vc_column][\/vc_row][vc_row][vc_column][mk_title_box size=\u00a0\u00bb19&Prime; font_family=\u00a0\u00bbBookman Old Style, serif\u00a0\u00bb font_type=\u00a0\u00bbsafefont\u00a0\u00bb align=\u00a0\u00bbcenter\u00a0\u00bb]Quel est votre secteur d&rsquo;activit\u00e9 ?[\/mk_title_box][\/vc_column][\/vc_row][vc_row css=\u00a0\u00bb.vc_custom_1701096995435{background-color: #d6d6d6 !important;}\u00a0\u00bb][vc_column width=\u00a0\u00bb1\/4&Prime;][mk_font_icons icon=\u00a0\u00bbmk-moon-library-2&Prime; color=\u00a0\u00bb#041166&Prime; size=\u00a0\u00bbx-large\u00a0\u00bb margin_horizental=\u00a0\u00bb80&Prime; margin_vertical=\u00a0\u00bb15&Prime;][mk_title_box margin_top=\u00a0\u00bb-15&Prime; font_family=\u00a0\u00bbnone\u00a0\u00bb align=\u00a0\u00bbcenter\u00a0\u00bb]Gouvernement<\/p>\n<p>&nbsp;[\/mk_title_box][\/vc_column][vc_column width=\u00a0\u00bb1\/4&Prime;][mk_font_icons icon=\u00a0\u00bbmk-icon-shopping-cart\u00a0\u00bb color=\u00a0\u00bb#041166&Prime; size=\u00a0\u00bbx-large\u00a0\u00bb margin_horizental=\u00a0\u00bb80&Prime; margin_vertical=\u00a0\u00bb15&Prime;][mk_title_box margin_top=\u00a0\u00bb-15&Prime; font_family=\u00a0\u00bbnone\u00a0\u00bb align=\u00a0\u00bbcenter\u00a0\u00bb]Magasin de distribution[\/mk_title_box][\/vc_column][vc_column width=\u00a0\u00bb1\/4&Prime;][mk_font_icons icon=\u00a0\u00bbmk-icon-suitcase\u00a0\u00bb color=\u00a0\u00bb#041166&Prime; size=\u00a0\u00bbx-large\u00a0\u00bb margin_horizental=\u00a0\u00bb80&Prime; margin_vertical=\u00a0\u00bb15&Prime;][mk_title_box margin_top=\u00a0\u00bb-15&Prime; font_family=\u00a0\u00bbnone\u00a0\u00bb align=\u00a0\u00bbcenter\u00a0\u00bb]Magasin de distribution[\/mk_title_box][\/vc_column][vc_column width=\u00a0\u00bb1\/4&Prime;][mk_font_icons icon=\u00a0\u00bbmk-moon-library-2&Prime; color=\u00a0\u00bb#041166&Prime; size=\u00a0\u00bbx-large\u00a0\u00bb margin_horizental=\u00a0\u00bb80&Prime; margin_vertical=\u00a0\u00bb15&Prime;][mk_title_box margin_top=\u00a0\u00bb-15&Prime; font_family=\u00a0\u00bbnone\u00a0\u00bb align=\u00a0\u00bbcenter\u00a0\u00bb]PME\/ PMI[\/mk_title_box][\/vc_column][\/vc_row][vc_row css=\u00a0\u00bb.vc_custom_1701096995435{background-color: #d6d6d6 !important;}\u00a0\u00bb][vc_column width=\u00a0\u00bb1\/4&Prime;][mk_font_icons icon=\u00a0\u00bbmk-icon-institution\u00a0\u00bb color=\u00a0\u00bb#041166&Prime; size=\u00a0\u00bbx-large\u00a0\u00bb margin_horizental=\u00a0\u00bb80&Prime; margin_vertical=\u00a0\u00bb15&Prime;][mk_title_box margin_top=\u00a0\u00bb-15&Prime; font_family=\u00a0\u00bbnone\u00a0\u00bb align=\u00a0\u00bbcenter\u00a0\u00bb]Mairie<\/p>\n<p>&nbsp;[\/mk_title_box][\/vc_column][vc_column width=\u00a0\u00bb1\/4&Prime;][mk_font_icons icon=\u00a0\u00bbmk-moon-briefcase\u00a0\u00bb color=\u00a0\u00bb#041166&Prime; size=\u00a0\u00bbx-large\u00a0\u00bb margin_horizental=\u00a0\u00bb80&Prime; margin_vertical=\u00a0\u00bb15&Prime;][mk_title_box margin_top=\u00a0\u00bb-15&Prime; font_family=\u00a0\u00bbnone\u00a0\u00bb align=\u00a0\u00bbcenter\u00a0\u00bb]Start-Up[\/mk_title_box][\/vc_column][vc_column width=\u00a0\u00bb1\/4&Prime;][mk_font_icons icon=\u00a0\u00bbmk-moon-hamburger\u00a0\u00bb color=\u00a0\u00bb#041166&Prime; size=\u00a0\u00bbx-large\u00a0\u00bb margin_horizental=\u00a0\u00bb80&Prime; margin_vertical=\u00a0\u00bb15&Prime;][mk_title_box margin_top=\u00a0\u00bb-15&Prime; font_family=\u00a0\u00bbnone\u00a0\u00bb align=\u00a0\u00bbcenter\u00a0\u00bb]Restaurant[\/mk_title_box][\/vc_column][vc_column width=\u00a0\u00bb1\/4&Prime;][mk_font_icons icon=\u00a0\u00bbmk-moon-truck\u00a0\u00bb color=\u00a0\u00bb#041166&Prime; size=\u00a0\u00bbx-large\u00a0\u00bb margin_horizental=\u00a0\u00bb80&Prime; margin_vertical=\u00a0\u00bb15&Prime;][mk_title_box margin_top=\u00a0\u00bb-15&Prime; font_family=\u00a0\u00bbnone\u00a0\u00bb align=\u00a0\u00bbcenter\u00a0\u00bb]Logistique[\/mk_title_box][\/vc_column][\/vc_row]\n","protected":false},"excerpt":{"rendered":"<p>[vc_row fullwidth=\u00a0\u00bbtrue\u00a0\u00bb css=\u00a0\u00bb.vc_custom_1700738844601{background-image: url(http:\/\/alpha-technologie.com\/wp-content\/uploads\/2023\/11\/controle-acces-.jpg?id=192) !important;background-position: center !important;background-repeat: no-repeat !important;background-size: cover !important;}\u00a0\u00bb][vc_column][mk_padding_divider size=\u00a0\u00bb130&Prime;][mk_title_box color=\u00a0\u00bb#bf752b\u00a0\u00bb size=\u00a0\u00bb50&Prime; stroke_color=\u00a0\u00bb#000000&Prime; margin_top=\u00a0\u00bb51&Prime; margin_bottom=\u00a0\u00bb301&Prime; font_family=\u00a0\u00bbBentham\u00a0\u00bb font_type=\u00a0\u00bbgoogle\u00a0\u00bb align=\u00a0\u00bbcenter\u00a0\u00bb]Contr\u00f4le d&rsquo;acc\u00e8s[\/mk_title_box][\/vc_column][\/vc_row][vc_row][vc_column width=\u00a0\u00bb1\/2&Prime;][mk_padding_divider size=\u00a0\u00bb147&Prime;][mk_gallery images=\u00a0\u00bb201,202,204&Prime; image_size=\u00a0\u00bbmedium\u00a0\u00bb hover_scenarios=\u00a0\u00bbslow_zoom\u00a0\u00bb frame_style=\u00a0\u00bbrounded\u00a0\u00bb][mk_image src=\u00a0\u00bbhttp:\/\/alpha-technologie.com\/wp-content\/uploads\/2023\/11\/getpaidstock.com-655f791fc05fa.jpg\u00a0\u00bb image_height=\u00a0\u00bb463&Prime;][\/vc_column][vc_column width=\u00a0\u00bb1\/2&Prime;][mk_padding_divider][vc_column_text css=\u00a0\u00bb.vc_custom_1700757158231{margin-bottom: -30px !important;}\u00a0\u00bb]Solutions pour contr\u00f4ler tous les aller et venir et des droits d&rsquo;acc\u00e8s.[\/vc_column_text][vc_separator][vc_custom_heading text=\u00a0\u00bbNotre expertise fait que nos solutions sont sur mesure\u00a0\u00bb google_fonts=\u00a0\u00bbfont_family:Aclonica%3Aregular|font_style:400%20regular%3A400%3Anormal\u00a0\u00bb][vc_column_text css=\u00a0\u00bb.vc_custom_1700755173610{margin-bottom: [&hellip;]<\/p>\n","protected":false},"author":1,"featured_media":0,"parent":0,"menu_order":0,"comment_status":"closed","ping_status":"closed","template":"","meta":{"footnotes":""},"class_list":["post-190","page","type-page","status-publish","hentry"],"yoast_head":"<!-- This site is optimized with the Yoast SEO plugin v23.5 - https:\/\/yoast.com\/wordpress\/plugins\/seo\/ -->\n<title>Contr\u00f4le d&#039;acc\u00e8s - Alpha Tech<\/title>\n<meta name=\"robots\" content=\"index, follow, max-snippet:-1, max-image-preview:large, max-video-preview:-1\" \/>\n<link rel=\"canonical\" href=\"https:\/\/alpha-technologie.com\/?page_id=190\" \/>\n<meta property=\"og:locale\" content=\"fr_FR\" \/>\n<meta property=\"og:type\" content=\"article\" \/>\n<meta property=\"og:title\" content=\"Contr\u00f4le d&#039;acc\u00e8s - Alpha Tech\" \/>\n<meta property=\"og:description\" content=\"[vc_row fullwidth=\u00a0\u00bbtrue\u00a0\u00bb css=\u00a0\u00bb.vc_custom_1700738844601{background-image: url(http:\/\/alpha-technologie.com\/wp-content\/uploads\/2023\/11\/controle-acces-.jpg?id=192) !important;background-position: center !important;background-repeat: no-repeat !important;background-size: cover !important;}\u00a0\u00bb][vc_column][mk_padding_divider size=\u00a0\u00bb130&Prime;][mk_title_box color=\u00a0\u00bb#bf752b\u00a0\u00bb size=\u00a0\u00bb50&Prime; stroke_color=\u00a0\u00bb#000000&Prime; margin_top=\u00a0\u00bb51&Prime; margin_bottom=\u00a0\u00bb301&Prime; font_family=\u00a0\u00bbBentham\u00a0\u00bb font_type=\u00a0\u00bbgoogle\u00a0\u00bb align=\u00a0\u00bbcenter\u00a0\u00bb]Contr\u00f4le d&rsquo;acc\u00e8s[\/mk_title_box][\/vc_column][\/vc_row][vc_row][vc_column width=\u00a0\u00bb1\/2&Prime;][mk_padding_divider size=\u00a0\u00bb147&Prime;][mk_gallery images=\u00a0\u00bb201,202,204&Prime; image_size=\u00a0\u00bbmedium\u00a0\u00bb hover_scenarios=\u00a0\u00bbslow_zoom\u00a0\u00bb frame_style=\u00a0\u00bbrounded\u00a0\u00bb][mk_image src=\u00a0\u00bbhttp:\/\/alpha-technologie.com\/wp-content\/uploads\/2023\/11\/getpaidstock.com-655f791fc05fa.jpg\u00a0\u00bb image_height=\u00a0\u00bb463&Prime;][\/vc_column][vc_column width=\u00a0\u00bb1\/2&Prime;][mk_padding_divider][vc_column_text css=\u00a0\u00bb.vc_custom_1700757158231{margin-bottom: -30px !important;}\u00a0\u00bb]Solutions pour contr\u00f4ler tous les aller et venir et des droits d&rsquo;acc\u00e8s.[\/vc_column_text][vc_separator][vc_custom_heading text=\u00a0\u00bbNotre expertise fait que nos solutions sont sur mesure\u00a0\u00bb google_fonts=\u00a0\u00bbfont_family:Aclonica%3Aregular|font_style:400%20regular%3A400%3Anormal\u00a0\u00bb][vc_column_text css=\u00a0\u00bb.vc_custom_1700755173610{margin-bottom: [&hellip;]\" \/>\n<meta property=\"og:url\" content=\"https:\/\/alpha-technologie.com\/?page_id=190\" \/>\n<meta property=\"og:site_name\" content=\"Alpha Tech\" \/>\n<meta property=\"article:publisher\" content=\"https:\/\/www.facebook.com\/profile.php?id=61555275631156\" \/>\n<meta property=\"article:modified_time\" content=\"2023-11-27T15:28:00+00:00\" \/>\n<meta property=\"og:image\" content=\"http:\/\/alpha-technologie.com\/wp-content\/uploads\/2023\/08\/logo-seydou.jpg\" \/>\n\t<meta property=\"og:image:width\" content=\"800\" \/>\n\t<meta property=\"og:image:height\" content=\"437\" \/>\n\t<meta property=\"og:image:type\" content=\"image\/jpeg\" \/>\n<meta name=\"twitter:card\" content=\"summary_large_image\" \/>\n<meta name=\"twitter:label1\" content=\"Dur\u00e9e de lecture estim\u00e9e\" \/>\n\t<meta name=\"twitter:data1\" content=\"4 minutes\" \/>\n<script type=\"application\/ld+json\" class=\"yoast-schema-graph\">{\"@context\":\"https:\/\/schema.org\",\"@graph\":[{\"@type\":\"WebPage\",\"@id\":\"https:\/\/alpha-technologie.com\/?page_id=190\",\"url\":\"https:\/\/alpha-technologie.com\/?page_id=190\",\"name\":\"Contr\u00f4le d'acc\u00e8s - Alpha Tech\",\"isPartOf\":{\"@id\":\"https:\/\/alpha-technologie.com\/#website\"},\"datePublished\":\"2023-11-23T11:08:12+00:00\",\"dateModified\":\"2023-11-27T15:28:00+00:00\",\"breadcrumb\":{\"@id\":\"https:\/\/alpha-technologie.com\/?page_id=190#breadcrumb\"},\"inLanguage\":\"fr-FR\",\"potentialAction\":[{\"@type\":\"ReadAction\",\"target\":[\"https:\/\/alpha-technologie.com\/?page_id=190\"]}]},{\"@type\":\"BreadcrumbList\",\"@id\":\"https:\/\/alpha-technologie.com\/?page_id=190#breadcrumb\",\"itemListElement\":[{\"@type\":\"ListItem\",\"position\":1,\"name\":\"Accueil\",\"item\":\"https:\/\/alpha-technologie.com\/\"},{\"@type\":\"ListItem\",\"position\":2,\"name\":\"Contr\u00f4le d&rsquo;acc\u00e8s\"}]},{\"@type\":\"WebSite\",\"@id\":\"https:\/\/alpha-technologie.com\/#website\",\"url\":\"https:\/\/alpha-technologie.com\/\",\"name\":\"Alpha Tech\",\"description\":\"Votre s\u00e9curit\u00e9, notre priorit\u00e9\",\"publisher\":{\"@id\":\"https:\/\/alpha-technologie.com\/#organization\"},\"alternateName\":\"Alpha tech\",\"potentialAction\":[{\"@type\":\"SearchAction\",\"target\":{\"@type\":\"EntryPoint\",\"urlTemplate\":\"https:\/\/alpha-technologie.com\/?s={search_term_string}\"},\"query-input\":{\"@type\":\"PropertyValueSpecification\",\"valueRequired\":true,\"valueName\":\"search_term_string\"}}],\"inLanguage\":\"fr-FR\"},{\"@type\":\"Organization\",\"@id\":\"https:\/\/alpha-technologie.com\/#organization\",\"name\":\"Alpha Tech\",\"alternateName\":\"alphatech\",\"url\":\"https:\/\/alpha-technologie.com\/\",\"logo\":{\"@type\":\"ImageObject\",\"inLanguage\":\"fr-FR\",\"@id\":\"https:\/\/alpha-technologie.com\/#\/schema\/logo\/image\/\",\"url\":\"http:\/\/alpha-technologie.com\/wp-content\/uploads\/2023\/08\/logo-seydou.jpg\",\"contentUrl\":\"http:\/\/alpha-technologie.com\/wp-content\/uploads\/2023\/08\/logo-seydou.jpg\",\"width\":800,\"height\":437,\"caption\":\"Alpha Tech\"},\"image\":{\"@id\":\"https:\/\/alpha-technologie.com\/#\/schema\/logo\/image\/\"},\"sameAs\":[\"https:\/\/www.facebook.com\/profile.php?id=61555275631156\"]}]}<\/script>\n<!-- \/ Yoast SEO plugin. -->","yoast_head_json":{"title":"Contr\u00f4le d'acc\u00e8s - Alpha Tech","robots":{"index":"index","follow":"follow","max-snippet":"max-snippet:-1","max-image-preview":"max-image-preview:large","max-video-preview":"max-video-preview:-1"},"canonical":"https:\/\/alpha-technologie.com\/?page_id=190","og_locale":"fr_FR","og_type":"article","og_title":"Contr\u00f4le d'acc\u00e8s - Alpha Tech","og_description":"[vc_row fullwidth=\u00a0\u00bbtrue\u00a0\u00bb css=\u00a0\u00bb.vc_custom_1700738844601{background-image: url(http:\/\/alpha-technologie.com\/wp-content\/uploads\/2023\/11\/controle-acces-.jpg?id=192) !important;background-position: center !important;background-repeat: no-repeat !important;background-size: cover !important;}\u00a0\u00bb][vc_column][mk_padding_divider size=\u00a0\u00bb130&Prime;][mk_title_box color=\u00a0\u00bb#bf752b\u00a0\u00bb size=\u00a0\u00bb50&Prime; stroke_color=\u00a0\u00bb#000000&Prime; margin_top=\u00a0\u00bb51&Prime; margin_bottom=\u00a0\u00bb301&Prime; font_family=\u00a0\u00bbBentham\u00a0\u00bb font_type=\u00a0\u00bbgoogle\u00a0\u00bb align=\u00a0\u00bbcenter\u00a0\u00bb]Contr\u00f4le d&rsquo;acc\u00e8s[\/mk_title_box][\/vc_column][\/vc_row][vc_row][vc_column width=\u00a0\u00bb1\/2&Prime;][mk_padding_divider size=\u00a0\u00bb147&Prime;][mk_gallery images=\u00a0\u00bb201,202,204&Prime; image_size=\u00a0\u00bbmedium\u00a0\u00bb hover_scenarios=\u00a0\u00bbslow_zoom\u00a0\u00bb frame_style=\u00a0\u00bbrounded\u00a0\u00bb][mk_image src=\u00a0\u00bbhttp:\/\/alpha-technologie.com\/wp-content\/uploads\/2023\/11\/getpaidstock.com-655f791fc05fa.jpg\u00a0\u00bb image_height=\u00a0\u00bb463&Prime;][\/vc_column][vc_column width=\u00a0\u00bb1\/2&Prime;][mk_padding_divider][vc_column_text css=\u00a0\u00bb.vc_custom_1700757158231{margin-bottom: -30px !important;}\u00a0\u00bb]Solutions pour contr\u00f4ler tous les aller et venir et des droits d&rsquo;acc\u00e8s.[\/vc_column_text][vc_separator][vc_custom_heading text=\u00a0\u00bbNotre expertise fait que nos solutions sont sur mesure\u00a0\u00bb google_fonts=\u00a0\u00bbfont_family:Aclonica%3Aregular|font_style:400%20regular%3A400%3Anormal\u00a0\u00bb][vc_column_text css=\u00a0\u00bb.vc_custom_1700755173610{margin-bottom: [&hellip;]","og_url":"https:\/\/alpha-technologie.com\/?page_id=190","og_site_name":"Alpha Tech","article_publisher":"https:\/\/www.facebook.com\/profile.php?id=61555275631156","article_modified_time":"2023-11-27T15:28:00+00:00","og_image":[{"width":800,"height":437,"url":"http:\/\/alpha-technologie.com\/wp-content\/uploads\/2023\/08\/logo-seydou.jpg","type":"image\/jpeg"}],"twitter_card":"summary_large_image","twitter_misc":{"Dur\u00e9e de lecture estim\u00e9e":"4 minutes"},"schema":{"@context":"https:\/\/schema.org","@graph":[{"@type":"WebPage","@id":"https:\/\/alpha-technologie.com\/?page_id=190","url":"https:\/\/alpha-technologie.com\/?page_id=190","name":"Contr\u00f4le d'acc\u00e8s - Alpha Tech","isPartOf":{"@id":"https:\/\/alpha-technologie.com\/#website"},"datePublished":"2023-11-23T11:08:12+00:00","dateModified":"2023-11-27T15:28:00+00:00","breadcrumb":{"@id":"https:\/\/alpha-technologie.com\/?page_id=190#breadcrumb"},"inLanguage":"fr-FR","potentialAction":[{"@type":"ReadAction","target":["https:\/\/alpha-technologie.com\/?page_id=190"]}]},{"@type":"BreadcrumbList","@id":"https:\/\/alpha-technologie.com\/?page_id=190#breadcrumb","itemListElement":[{"@type":"ListItem","position":1,"name":"Accueil","item":"https:\/\/alpha-technologie.com\/"},{"@type":"ListItem","position":2,"name":"Contr\u00f4le d&rsquo;acc\u00e8s"}]},{"@type":"WebSite","@id":"https:\/\/alpha-technologie.com\/#website","url":"https:\/\/alpha-technologie.com\/","name":"Alpha Tech","description":"Votre s\u00e9curit\u00e9, notre priorit\u00e9","publisher":{"@id":"https:\/\/alpha-technologie.com\/#organization"},"alternateName":"Alpha tech","potentialAction":[{"@type":"SearchAction","target":{"@type":"EntryPoint","urlTemplate":"https:\/\/alpha-technologie.com\/?s={search_term_string}"},"query-input":{"@type":"PropertyValueSpecification","valueRequired":true,"valueName":"search_term_string"}}],"inLanguage":"fr-FR"},{"@type":"Organization","@id":"https:\/\/alpha-technologie.com\/#organization","name":"Alpha Tech","alternateName":"alphatech","url":"https:\/\/alpha-technologie.com\/","logo":{"@type":"ImageObject","inLanguage":"fr-FR","@id":"https:\/\/alpha-technologie.com\/#\/schema\/logo\/image\/","url":"http:\/\/alpha-technologie.com\/wp-content\/uploads\/2023\/08\/logo-seydou.jpg","contentUrl":"http:\/\/alpha-technologie.com\/wp-content\/uploads\/2023\/08\/logo-seydou.jpg","width":800,"height":437,"caption":"Alpha Tech"},"image":{"@id":"https:\/\/alpha-technologie.com\/#\/schema\/logo\/image\/"},"sameAs":["https:\/\/www.facebook.com\/profile.php?id=61555275631156"]}]}},"_links":{"self":[{"href":"http:\/\/alpha-technologie.com\/index.php?rest_route=\/wp\/v2\/pages\/190","targetHints":{"allow":["GET"]}}],"collection":[{"href":"http:\/\/alpha-technologie.com\/index.php?rest_route=\/wp\/v2\/pages"}],"about":[{"href":"http:\/\/alpha-technologie.com\/index.php?rest_route=\/wp\/v2\/types\/page"}],"author":[{"embeddable":true,"href":"http:\/\/alpha-technologie.com\/index.php?rest_route=\/wp\/v2\/users\/1"}],"replies":[{"embeddable":true,"href":"http:\/\/alpha-technologie.com\/index.php?rest_route=%2Fwp%2Fv2%2Fcomments&post=190"}],"version-history":[{"count":11,"href":"http:\/\/alpha-technologie.com\/index.php?rest_route=\/wp\/v2\/pages\/190\/revisions"}],"predecessor-version":[{"id":211,"href":"http:\/\/alpha-technologie.com\/index.php?rest_route=\/wp\/v2\/pages\/190\/revisions\/211"}],"wp:attachment":[{"href":"http:\/\/alpha-technologie.com\/index.php?rest_route=%2Fwp%2Fv2%2Fmedia&parent=190"}],"curies":[{"name":"wp","href":"https:\/\/api.w.org\/{rel}","templated":true}]}}