{"id":213,"date":"2024-01-30T15:14:38","date_gmt":"2024-01-30T14:14:38","guid":{"rendered":"http:\/\/alpha-technologie.com\/?page_id=213"},"modified":"2024-01-31T12:30:40","modified_gmt":"2024-01-31T11:30:40","slug":"camera-cache","status":"publish","type":"page","link":"http:\/\/alpha-technologie.com\/?page_id=213","title":{"rendered":"Cam\u00e9ra cach\u00e9"},"content":{"rendered":"[vc_row fullwidth=\u00a0\u00bbtrue\u00a0\u00bb css=\u00a0\u00bb.vc_custom_1706628771092{background: #5adb1e url(http:\/\/alpha-technologie.com\/wp-content\/uploads\/2024\/01\/slider-2.jpg?id=219) !important;}\u00a0\u00bb][vc_column][mk_padding_divider size=\u00a0\u00bb81&Prime;][mk_title_box color=\u00a0\u00bb#ffffff\u00a0\u00bb highlight_color=\u00a0\u00bb#5e5e5e\u00a0\u00bb size=\u00a0\u00bb25&Prime; font_family=\u00a0\u00bbnone\u00a0\u00bb align=\u00a0\u00bbcenter\u00a0\u00bb animation=\u00a0\u00bbscale-up\u00a0\u00bb]SURVEILLANCE DISCRET[\/mk_title_box][mk_fancy_title color=\u00a0\u00bb#ffffff\u00a0\u00bb size=\u00a0\u00bb22&Prime; margin_bottom=\u00a0\u00bb90&Prime; font_family=\u00a0\u00bbnone\u00a0\u00bb align=\u00a0\u00bbcenter\u00a0\u00bb]Tranquillit\u00e9 d\u2019esprit in\u00e9gal\u00e9e, les cam\u00e9ras cach\u00e9es peuvent jouer un r\u00f4le crucial dans la pr\u00e9servation de la s\u00e9curit\u00e9 en surveillant discr\u00e8tement les zones sensibles.[\/mk_fancy_title][vc_row_inner][vc_column_inner width=\u00a0\u00bb1\/4&Prime;][mk_circle_image src=\u00a0\u00bbhttp:\/\/alpha-technologie.com\/wp-content\/uploads\/2023\/08\/pulverisateur-sans-fond-copie.png\u00a0\u00bb image_diameter=\u00a0\u00bb273&Prime; animation=\u00a0\u00bbfade-in\u00a0\u00bb][\/vc_column_inner][vc_column_inner width=\u00a0\u00bb1\/4&Prime;][mk_circle_image src=\u00a0\u00bbhttp:\/\/alpha-technologie.com\/wp-content\/uploads\/2023\/08\/pulv-sans-fond.png\u00a0\u00bb image_diameter=\u00a0\u00bb273&Prime; animation=\u00a0\u00bbfade-in\u00a0\u00bb][\/vc_column_inner][vc_column_inner width=\u00a0\u00bb1\/4&Prime;][mk_circle_image src=\u00a0\u00bbhttp:\/\/alpha-technologie.com\/wp-content\/uploads\/2023\/08\/reveil-sans-fond.png\u00a0\u00bb image_diameter=\u00a0\u00bb273&Prime; animation=\u00a0\u00bbfade-in\u00a0\u00bb][\/vc_column_inner][vc_column_inner width=\u00a0\u00bb1\/4&Prime;][mk_circle_image src=\u00a0\u00bbhttp:\/\/alpha-technologie.com\/wp-content\/uploads\/2024\/01\/horloge-e1706697823845.png\u00a0\u00bb image_diameter=\u00a0\u00bb273&Prime; animation=\u00a0\u00bbfade-in\u00a0\u00bb][\/vc_column_inner][\/vc_row_inner][\/vc_column][\/vc_row][vc_row][vc_column][mk_padding_divider][\/vc_column][\/vc_row][vc_row][vc_column width=\u00a0\u00bb2\/3&Prime;][mk_gallery images=\u00a0\u00bb225,224,223,222&Prime; column=\u00a0\u00bb2&Prime;][\/vc_column][vc_column width=\u00a0\u00bb1\/3&Prime;][vc_custom_heading text=\u00a0\u00bbAssurez votre tranquillit\u00e9 d&rsquo;esprit avec nos cam\u00e9ras cach\u00e9es et espion dissimul\u00e9es dans le quotidien.\u00a0\u00bb font_container=\u00a0\u00bbtag:h2|font_size:20|text_align:left\u00a0\u00bb google_fonts=\u00a0\u00bbfont_family:Aclonica%3Aregular|font_style:400%20regular%3A400%3Anormal\u00a0\u00bb css=\u00a0\u00bb.vc_custom_1706700039082{padding-right: -100px !important;}\u00a0\u00bb][mk_fancy_title size=\u00a0\u00bb20&Prime; font_family=\u00a0\u00bbnone\u00a0\u00bb]Dans un monde en constante \u00e9volution, la s\u00e9curit\u00e9 et la surveillance sont des pr\u00e9occupations majeures. Chez Alpha-Tech, nous comprenons l&rsquo;importance de prot\u00e9ger ce qui vous tient \u00e0 c\u0153ur. C&rsquo;est pourquoi nous vous proposons une gamme de cam\u00e9ras cach\u00e9es et de cam\u00e9ras espion dissimul\u00e9es dans des objets du quotidien, alliant discr\u00e9tion et efficacit\u00e9 pour r\u00e9pondre \u00e0 vos besoins de surveillance.<\/p>\n<h5><strong>Surveillance intelligente pour une tranquillit\u00e9 d&rsquo;esprit totale<\/strong><\/h5>\n<p>Que ce soit pour la s\u00e9curit\u00e9 de votre domicile, la supervision des employ\u00e9s ou la protection de vos biens, nos cam\u00e9ras cach\u00e9es sont dot\u00e9es de fonctionnalit\u00e9s intelligentes telles que la d\u00e9tection de mouvement, l&rsquo;enregistrement en temps r\u00e9el et un acc\u00e8s \u00e0 distance pour une tranquillit\u00e9 d&rsquo;esprit totale.[\/mk_fancy_title][\/vc_column][\/vc_row]\n","protected":false},"excerpt":{"rendered":"<p>[vc_row fullwidth=\u00a0\u00bbtrue\u00a0\u00bb css=\u00a0\u00bb.vc_custom_1706628771092{background: #5adb1e url(http:\/\/alpha-technologie.com\/wp-content\/uploads\/2024\/01\/slider-2.jpg?id=219) !important;}\u00a0\u00bb][vc_column][mk_padding_divider size=\u00a0\u00bb81&Prime;][mk_title_box color=\u00a0\u00bb#ffffff\u00a0\u00bb highlight_color=\u00a0\u00bb#5e5e5e\u00a0\u00bb size=\u00a0\u00bb25&Prime; font_family=\u00a0\u00bbnone\u00a0\u00bb align=\u00a0\u00bbcenter\u00a0\u00bb animation=\u00a0\u00bbscale-up\u00a0\u00bb]SURVEILLANCE DISCRET[\/mk_title_box][mk_fancy_title color=\u00a0\u00bb#ffffff\u00a0\u00bb size=\u00a0\u00bb22&Prime; margin_bottom=\u00a0\u00bb90&Prime; font_family=\u00a0\u00bbnone\u00a0\u00bb align=\u00a0\u00bbcenter\u00a0\u00bb]Tranquillit\u00e9 d\u2019esprit in\u00e9gal\u00e9e, les cam\u00e9ras cach\u00e9es peuvent jouer un r\u00f4le crucial dans la pr\u00e9servation de la s\u00e9curit\u00e9 en surveillant discr\u00e8tement les zones sensibles.[\/mk_fancy_title][vc_row_inner][vc_column_inner width=\u00a0\u00bb1\/4&Prime;][mk_circle_image src=\u00a0\u00bbhttp:\/\/alpha-technologie.com\/wp-content\/uploads\/2023\/08\/pulverisateur-sans-fond-copie.png\u00a0\u00bb image_diameter=\u00a0\u00bb273&Prime; animation=\u00a0\u00bbfade-in\u00a0\u00bb][\/vc_column_inner][vc_column_inner width=\u00a0\u00bb1\/4&Prime;][mk_circle_image src=\u00a0\u00bbhttp:\/\/alpha-technologie.com\/wp-content\/uploads\/2023\/08\/pulv-sans-fond.png\u00a0\u00bb image_diameter=\u00a0\u00bb273&Prime; animation=\u00a0\u00bbfade-in\u00a0\u00bb][\/vc_column_inner][vc_column_inner width=\u00a0\u00bb1\/4&Prime;][mk_circle_image src=\u00a0\u00bbhttp:\/\/alpha-technologie.com\/wp-content\/uploads\/2023\/08\/reveil-sans-fond.png\u00a0\u00bb image_diameter=\u00a0\u00bb273&Prime; animation=\u00a0\u00bbfade-in\u00a0\u00bb][\/vc_column_inner][vc_column_inner width=\u00a0\u00bb1\/4&Prime;][mk_circle_image src=\u00a0\u00bbhttp:\/\/alpha-technologie.com\/wp-content\/uploads\/2024\/01\/horloge-e1706697823845.png\u00a0\u00bb [&hellip;]<\/p>\n","protected":false},"author":1,"featured_media":0,"parent":0,"menu_order":0,"comment_status":"closed","ping_status":"closed","template":"","meta":{"footnotes":""},"class_list":["post-213","page","type-page","status-publish","hentry"],"yoast_head":"<!-- This site is optimized with the Yoast SEO plugin v23.5 - https:\/\/yoast.com\/wordpress\/plugins\/seo\/ -->\n<title>Cam\u00e9ra cach\u00e9 - Alpha Tech<\/title>\n<meta name=\"robots\" content=\"index, follow, max-snippet:-1, max-image-preview:large, max-video-preview:-1\" \/>\n<link rel=\"canonical\" href=\"http:\/\/alpha-technologie.com\/?page_id=213\" \/>\n<meta property=\"og:locale\" content=\"fr_FR\" \/>\n<meta property=\"og:type\" content=\"article\" \/>\n<meta property=\"og:title\" content=\"Cam\u00e9ra cach\u00e9 - Alpha Tech\" \/>\n<meta property=\"og:description\" content=\"[vc_row fullwidth=\u00a0\u00bbtrue\u00a0\u00bb css=\u00a0\u00bb.vc_custom_1706628771092{background: #5adb1e url(http:\/\/alpha-technologie.com\/wp-content\/uploads\/2024\/01\/slider-2.jpg?id=219) !important;}\u00a0\u00bb][vc_column][mk_padding_divider size=\u00a0\u00bb81&Prime;][mk_title_box color=\u00a0\u00bb#ffffff\u00a0\u00bb highlight_color=\u00a0\u00bb#5e5e5e\u00a0\u00bb size=\u00a0\u00bb25&Prime; font_family=\u00a0\u00bbnone\u00a0\u00bb align=\u00a0\u00bbcenter\u00a0\u00bb animation=\u00a0\u00bbscale-up\u00a0\u00bb]SURVEILLANCE DISCRET[\/mk_title_box][mk_fancy_title color=\u00a0\u00bb#ffffff\u00a0\u00bb size=\u00a0\u00bb22&Prime; margin_bottom=\u00a0\u00bb90&Prime; font_family=\u00a0\u00bbnone\u00a0\u00bb align=\u00a0\u00bbcenter\u00a0\u00bb]Tranquillit\u00e9 d\u2019esprit in\u00e9gal\u00e9e, les cam\u00e9ras cach\u00e9es peuvent jouer un r\u00f4le crucial dans la pr\u00e9servation de la s\u00e9curit\u00e9 en surveillant discr\u00e8tement les zones sensibles.[\/mk_fancy_title][vc_row_inner][vc_column_inner width=\u00a0\u00bb1\/4&Prime;][mk_circle_image src=\u00a0\u00bbhttp:\/\/alpha-technologie.com\/wp-content\/uploads\/2023\/08\/pulverisateur-sans-fond-copie.png\u00a0\u00bb image_diameter=\u00a0\u00bb273&Prime; animation=\u00a0\u00bbfade-in\u00a0\u00bb][\/vc_column_inner][vc_column_inner width=\u00a0\u00bb1\/4&Prime;][mk_circle_image src=\u00a0\u00bbhttp:\/\/alpha-technologie.com\/wp-content\/uploads\/2023\/08\/pulv-sans-fond.png\u00a0\u00bb image_diameter=\u00a0\u00bb273&Prime; animation=\u00a0\u00bbfade-in\u00a0\u00bb][\/vc_column_inner][vc_column_inner width=\u00a0\u00bb1\/4&Prime;][mk_circle_image src=\u00a0\u00bbhttp:\/\/alpha-technologie.com\/wp-content\/uploads\/2023\/08\/reveil-sans-fond.png\u00a0\u00bb image_diameter=\u00a0\u00bb273&Prime; animation=\u00a0\u00bbfade-in\u00a0\u00bb][\/vc_column_inner][vc_column_inner width=\u00a0\u00bb1\/4&Prime;][mk_circle_image src=\u00a0\u00bbhttp:\/\/alpha-technologie.com\/wp-content\/uploads\/2024\/01\/horloge-e1706697823845.png\u00a0\u00bb [&hellip;]\" \/>\n<meta property=\"og:url\" content=\"http:\/\/alpha-technologie.com\/?page_id=213\" \/>\n<meta property=\"og:site_name\" content=\"Alpha Tech\" \/>\n<meta property=\"article:publisher\" content=\"https:\/\/www.facebook.com\/profile.php?id=61555275631156\" \/>\n<meta property=\"article:modified_time\" content=\"2024-01-31T11:30:40+00:00\" \/>\n<meta property=\"og:image\" content=\"http:\/\/alpha-technologie.com\/wp-content\/uploads\/2023\/08\/logo-seydou.jpg\" \/>\n\t<meta property=\"og:image:width\" content=\"800\" \/>\n\t<meta property=\"og:image:height\" content=\"437\" \/>\n\t<meta property=\"og:image:type\" content=\"image\/jpeg\" \/>\n<meta name=\"twitter:card\" content=\"summary_large_image\" \/>\n<meta name=\"twitter:label1\" content=\"Dur\u00e9e de lecture estim\u00e9e\" \/>\n\t<meta name=\"twitter:data1\" content=\"2 minutes\" \/>\n<script type=\"application\/ld+json\" class=\"yoast-schema-graph\">{\"@context\":\"https:\/\/schema.org\",\"@graph\":[{\"@type\":\"WebPage\",\"@id\":\"http:\/\/alpha-technologie.com\/?page_id=213\",\"url\":\"http:\/\/alpha-technologie.com\/?page_id=213\",\"name\":\"Cam\u00e9ra cach\u00e9 - Alpha Tech\",\"isPartOf\":{\"@id\":\"http:\/\/alpha-technologie.com\/#website\"},\"datePublished\":\"2024-01-30T14:14:38+00:00\",\"dateModified\":\"2024-01-31T11:30:40+00:00\",\"breadcrumb\":{\"@id\":\"http:\/\/alpha-technologie.com\/?page_id=213#breadcrumb\"},\"inLanguage\":\"fr-FR\",\"potentialAction\":[{\"@type\":\"ReadAction\",\"target\":[\"http:\/\/alpha-technologie.com\/?page_id=213\"]}]},{\"@type\":\"BreadcrumbList\",\"@id\":\"http:\/\/alpha-technologie.com\/?page_id=213#breadcrumb\",\"itemListElement\":[{\"@type\":\"ListItem\",\"position\":1,\"name\":\"Accueil\",\"item\":\"http:\/\/alpha-technologie.com\/\"},{\"@type\":\"ListItem\",\"position\":2,\"name\":\"Cam\u00e9ra cach\u00e9\"}]},{\"@type\":\"WebSite\",\"@id\":\"http:\/\/alpha-technologie.com\/#website\",\"url\":\"http:\/\/alpha-technologie.com\/\",\"name\":\"Alpha Tech\",\"description\":\"Votre s\u00e9curit\u00e9, notre priorit\u00e9\",\"publisher\":{\"@id\":\"http:\/\/alpha-technologie.com\/#organization\"},\"alternateName\":\"Alpha tech\",\"potentialAction\":[{\"@type\":\"SearchAction\",\"target\":{\"@type\":\"EntryPoint\",\"urlTemplate\":\"http:\/\/alpha-technologie.com\/?s={search_term_string}\"},\"query-input\":{\"@type\":\"PropertyValueSpecification\",\"valueRequired\":true,\"valueName\":\"search_term_string\"}}],\"inLanguage\":\"fr-FR\"},{\"@type\":\"Organization\",\"@id\":\"http:\/\/alpha-technologie.com\/#organization\",\"name\":\"Alpha Tech\",\"alternateName\":\"alphatech\",\"url\":\"http:\/\/alpha-technologie.com\/\",\"logo\":{\"@type\":\"ImageObject\",\"inLanguage\":\"fr-FR\",\"@id\":\"http:\/\/alpha-technologie.com\/#\/schema\/logo\/image\/\",\"url\":\"http:\/\/alpha-technologie.com\/wp-content\/uploads\/2023\/08\/logo-seydou.jpg\",\"contentUrl\":\"http:\/\/alpha-technologie.com\/wp-content\/uploads\/2023\/08\/logo-seydou.jpg\",\"width\":800,\"height\":437,\"caption\":\"Alpha Tech\"},\"image\":{\"@id\":\"http:\/\/alpha-technologie.com\/#\/schema\/logo\/image\/\"},\"sameAs\":[\"https:\/\/www.facebook.com\/profile.php?id=61555275631156\"]}]}<\/script>\n<!-- \/ Yoast SEO plugin. -->","yoast_head_json":{"title":"Cam\u00e9ra cach\u00e9 - Alpha Tech","robots":{"index":"index","follow":"follow","max-snippet":"max-snippet:-1","max-image-preview":"max-image-preview:large","max-video-preview":"max-video-preview:-1"},"canonical":"http:\/\/alpha-technologie.com\/?page_id=213","og_locale":"fr_FR","og_type":"article","og_title":"Cam\u00e9ra cach\u00e9 - Alpha Tech","og_description":"[vc_row fullwidth=\u00a0\u00bbtrue\u00a0\u00bb css=\u00a0\u00bb.vc_custom_1706628771092{background: #5adb1e url(http:\/\/alpha-technologie.com\/wp-content\/uploads\/2024\/01\/slider-2.jpg?id=219) !important;}\u00a0\u00bb][vc_column][mk_padding_divider size=\u00a0\u00bb81&Prime;][mk_title_box color=\u00a0\u00bb#ffffff\u00a0\u00bb highlight_color=\u00a0\u00bb#5e5e5e\u00a0\u00bb size=\u00a0\u00bb25&Prime; font_family=\u00a0\u00bbnone\u00a0\u00bb align=\u00a0\u00bbcenter\u00a0\u00bb animation=\u00a0\u00bbscale-up\u00a0\u00bb]SURVEILLANCE DISCRET[\/mk_title_box][mk_fancy_title color=\u00a0\u00bb#ffffff\u00a0\u00bb size=\u00a0\u00bb22&Prime; margin_bottom=\u00a0\u00bb90&Prime; font_family=\u00a0\u00bbnone\u00a0\u00bb align=\u00a0\u00bbcenter\u00a0\u00bb]Tranquillit\u00e9 d\u2019esprit in\u00e9gal\u00e9e, les cam\u00e9ras cach\u00e9es peuvent jouer un r\u00f4le crucial dans la pr\u00e9servation de la s\u00e9curit\u00e9 en surveillant discr\u00e8tement les zones sensibles.[\/mk_fancy_title][vc_row_inner][vc_column_inner width=\u00a0\u00bb1\/4&Prime;][mk_circle_image src=\u00a0\u00bbhttp:\/\/alpha-technologie.com\/wp-content\/uploads\/2023\/08\/pulverisateur-sans-fond-copie.png\u00a0\u00bb image_diameter=\u00a0\u00bb273&Prime; animation=\u00a0\u00bbfade-in\u00a0\u00bb][\/vc_column_inner][vc_column_inner width=\u00a0\u00bb1\/4&Prime;][mk_circle_image src=\u00a0\u00bbhttp:\/\/alpha-technologie.com\/wp-content\/uploads\/2023\/08\/pulv-sans-fond.png\u00a0\u00bb image_diameter=\u00a0\u00bb273&Prime; animation=\u00a0\u00bbfade-in\u00a0\u00bb][\/vc_column_inner][vc_column_inner width=\u00a0\u00bb1\/4&Prime;][mk_circle_image src=\u00a0\u00bbhttp:\/\/alpha-technologie.com\/wp-content\/uploads\/2023\/08\/reveil-sans-fond.png\u00a0\u00bb image_diameter=\u00a0\u00bb273&Prime; animation=\u00a0\u00bbfade-in\u00a0\u00bb][\/vc_column_inner][vc_column_inner width=\u00a0\u00bb1\/4&Prime;][mk_circle_image src=\u00a0\u00bbhttp:\/\/alpha-technologie.com\/wp-content\/uploads\/2024\/01\/horloge-e1706697823845.png\u00a0\u00bb [&hellip;]","og_url":"http:\/\/alpha-technologie.com\/?page_id=213","og_site_name":"Alpha Tech","article_publisher":"https:\/\/www.facebook.com\/profile.php?id=61555275631156","article_modified_time":"2024-01-31T11:30:40+00:00","og_image":[{"width":800,"height":437,"url":"http:\/\/alpha-technologie.com\/wp-content\/uploads\/2023\/08\/logo-seydou.jpg","type":"image\/jpeg"}],"twitter_card":"summary_large_image","twitter_misc":{"Dur\u00e9e de lecture estim\u00e9e":"2 minutes"},"schema":{"@context":"https:\/\/schema.org","@graph":[{"@type":"WebPage","@id":"http:\/\/alpha-technologie.com\/?page_id=213","url":"http:\/\/alpha-technologie.com\/?page_id=213","name":"Cam\u00e9ra cach\u00e9 - Alpha Tech","isPartOf":{"@id":"http:\/\/alpha-technologie.com\/#website"},"datePublished":"2024-01-30T14:14:38+00:00","dateModified":"2024-01-31T11:30:40+00:00","breadcrumb":{"@id":"http:\/\/alpha-technologie.com\/?page_id=213#breadcrumb"},"inLanguage":"fr-FR","potentialAction":[{"@type":"ReadAction","target":["http:\/\/alpha-technologie.com\/?page_id=213"]}]},{"@type":"BreadcrumbList","@id":"http:\/\/alpha-technologie.com\/?page_id=213#breadcrumb","itemListElement":[{"@type":"ListItem","position":1,"name":"Accueil","item":"http:\/\/alpha-technologie.com\/"},{"@type":"ListItem","position":2,"name":"Cam\u00e9ra cach\u00e9"}]},{"@type":"WebSite","@id":"http:\/\/alpha-technologie.com\/#website","url":"http:\/\/alpha-technologie.com\/","name":"Alpha Tech","description":"Votre s\u00e9curit\u00e9, notre priorit\u00e9","publisher":{"@id":"http:\/\/alpha-technologie.com\/#organization"},"alternateName":"Alpha tech","potentialAction":[{"@type":"SearchAction","target":{"@type":"EntryPoint","urlTemplate":"http:\/\/alpha-technologie.com\/?s={search_term_string}"},"query-input":{"@type":"PropertyValueSpecification","valueRequired":true,"valueName":"search_term_string"}}],"inLanguage":"fr-FR"},{"@type":"Organization","@id":"http:\/\/alpha-technologie.com\/#organization","name":"Alpha Tech","alternateName":"alphatech","url":"http:\/\/alpha-technologie.com\/","logo":{"@type":"ImageObject","inLanguage":"fr-FR","@id":"http:\/\/alpha-technologie.com\/#\/schema\/logo\/image\/","url":"http:\/\/alpha-technologie.com\/wp-content\/uploads\/2023\/08\/logo-seydou.jpg","contentUrl":"http:\/\/alpha-technologie.com\/wp-content\/uploads\/2023\/08\/logo-seydou.jpg","width":800,"height":437,"caption":"Alpha Tech"},"image":{"@id":"http:\/\/alpha-technologie.com\/#\/schema\/logo\/image\/"},"sameAs":["https:\/\/www.facebook.com\/profile.php?id=61555275631156"]}]}},"_links":{"self":[{"href":"http:\/\/alpha-technologie.com\/index.php?rest_route=\/wp\/v2\/pages\/213","targetHints":{"allow":["GET"]}}],"collection":[{"href":"http:\/\/alpha-technologie.com\/index.php?rest_route=\/wp\/v2\/pages"}],"about":[{"href":"http:\/\/alpha-technologie.com\/index.php?rest_route=\/wp\/v2\/types\/page"}],"author":[{"embeddable":true,"href":"http:\/\/alpha-technologie.com\/index.php?rest_route=\/wp\/v2\/users\/1"}],"replies":[{"embeddable":true,"href":"http:\/\/alpha-technologie.com\/index.php?rest_route=%2Fwp%2Fv2%2Fcomments&post=213"}],"version-history":[{"count":6,"href":"http:\/\/alpha-technologie.com\/index.php?rest_route=\/wp\/v2\/pages\/213\/revisions"}],"predecessor-version":[{"id":227,"href":"http:\/\/alpha-technologie.com\/index.php?rest_route=\/wp\/v2\/pages\/213\/revisions\/227"}],"wp:attachment":[{"href":"http:\/\/alpha-technologie.com\/index.php?rest_route=%2Fwp%2Fv2%2Fmedia&parent=213"}],"curies":[{"name":"wp","href":"https:\/\/api.w.org\/{rel}","templated":true}]}}