{"id":254,"date":"2024-08-12T13:12:07","date_gmt":"2024-08-12T11:12:07","guid":{"rendered":"http:\/\/alpha-technologie.com\/?page_id=254"},"modified":"2024-08-12T13:12:09","modified_gmt":"2024-08-12T11:12:09","slug":"cloture-electrique","status":"publish","type":"page","link":"http:\/\/alpha-technologie.com\/?page_id=254","title":{"rendered":"Cl\u00f4ture \u00e9lectrique"},"content":{"rendered":"","protected":false},"excerpt":{"rendered":"","protected":false},"author":3,"featured_media":0,"parent":0,"menu_order":0,"comment_status":"closed","ping_status":"closed","template":"","meta":{"footnotes":""},"class_list":["post-254","page","type-page","status-publish","hentry"],"yoast_head":"<!-- This site is optimized with the Yoast SEO plugin v23.5 - https:\/\/yoast.com\/wordpress\/plugins\/seo\/ -->\n<title>Cl\u00f4ture \u00e9lectrique - Alpha Tech<\/title>\n<meta name=\"robots\" content=\"index, follow, max-snippet:-1, max-image-preview:large, max-video-preview:-1\" \/>\n<link rel=\"canonical\" href=\"http:\/\/alpha-technologie.com\/?page_id=254\" \/>\n<meta property=\"og:locale\" content=\"fr_FR\" \/>\n<meta property=\"og:type\" content=\"article\" \/>\n<meta property=\"og:title\" content=\"Cl\u00f4ture \u00e9lectrique - Alpha Tech\" \/>\n<meta property=\"og:url\" content=\"http:\/\/alpha-technologie.com\/?page_id=254\" \/>\n<meta property=\"og:site_name\" content=\"Alpha Tech\" \/>\n<meta property=\"article:publisher\" content=\"https:\/\/www.facebook.com\/profile.php?id=61555275631156\" \/>\n<meta property=\"article:modified_time\" content=\"2024-08-12T11:12:09+00:00\" \/>\n<meta property=\"og:image\" content=\"http:\/\/alpha-technologie.com\/wp-content\/uploads\/2023\/08\/logo-seydou.jpg\" \/>\n\t<meta property=\"og:image:width\" content=\"800\" \/>\n\t<meta property=\"og:image:height\" content=\"437\" \/>\n\t<meta property=\"og:image:type\" content=\"image\/jpeg\" \/>\n<meta name=\"twitter:card\" content=\"summary_large_image\" \/>\n<script type=\"application\/ld+json\" class=\"yoast-schema-graph\">{\"@context\":\"https:\/\/schema.org\",\"@graph\":[{\"@type\":\"WebPage\",\"@id\":\"http:\/\/alpha-technologie.com\/?page_id=254\",\"url\":\"http:\/\/alpha-technologie.com\/?page_id=254\",\"name\":\"Cl\u00f4ture \u00e9lectrique - Alpha Tech\",\"isPartOf\":{\"@id\":\"https:\/\/alpha-technologie.com\/#website\"},\"datePublished\":\"2024-08-12T11:12:07+00:00\",\"dateModified\":\"2024-08-12T11:12:09+00:00\",\"breadcrumb\":{\"@id\":\"http:\/\/alpha-technologie.com\/?page_id=254#breadcrumb\"},\"inLanguage\":\"fr-FR\",\"potentialAction\":[{\"@type\":\"ReadAction\",\"target\":[\"http:\/\/alpha-technologie.com\/?page_id=254\"]}]},{\"@type\":\"BreadcrumbList\",\"@id\":\"http:\/\/alpha-technologie.com\/?page_id=254#breadcrumb\",\"itemListElement\":[{\"@type\":\"ListItem\",\"position\":1,\"name\":\"Accueil\",\"item\":\"https:\/\/alpha-technologie.com\/\"},{\"@type\":\"ListItem\",\"position\":2,\"name\":\"Cl\u00f4ture \u00e9lectrique\"}]},{\"@type\":\"WebSite\",\"@id\":\"https:\/\/alpha-technologie.com\/#website\",\"url\":\"https:\/\/alpha-technologie.com\/\",\"name\":\"Alpha Tech\",\"description\":\"Votre s\u00e9curit\u00e9, notre priorit\u00e9\",\"publisher\":{\"@id\":\"https:\/\/alpha-technologie.com\/#organization\"},\"alternateName\":\"Alpha tech\",\"potentialAction\":[{\"@type\":\"SearchAction\",\"target\":{\"@type\":\"EntryPoint\",\"urlTemplate\":\"https:\/\/alpha-technologie.com\/?s={search_term_string}\"},\"query-input\":{\"@type\":\"PropertyValueSpecification\",\"valueRequired\":true,\"valueName\":\"search_term_string\"}}],\"inLanguage\":\"fr-FR\"},{\"@type\":\"Organization\",\"@id\":\"https:\/\/alpha-technologie.com\/#organization\",\"name\":\"Alpha Tech\",\"alternateName\":\"alphatech\",\"url\":\"https:\/\/alpha-technologie.com\/\",\"logo\":{\"@type\":\"ImageObject\",\"inLanguage\":\"fr-FR\",\"@id\":\"https:\/\/alpha-technologie.com\/#\/schema\/logo\/image\/\",\"url\":\"http:\/\/alpha-technologie.com\/wp-content\/uploads\/2023\/08\/logo-seydou.jpg\",\"contentUrl\":\"http:\/\/alpha-technologie.com\/wp-content\/uploads\/2023\/08\/logo-seydou.jpg\",\"width\":800,\"height\":437,\"caption\":\"Alpha Tech\"},\"image\":{\"@id\":\"https:\/\/alpha-technologie.com\/#\/schema\/logo\/image\/\"},\"sameAs\":[\"https:\/\/www.facebook.com\/profile.php?id=61555275631156\"]}]}<\/script>\n<!-- \/ Yoast SEO plugin. -->","yoast_head_json":{"title":"Cl\u00f4ture \u00e9lectrique - Alpha Tech","robots":{"index":"index","follow":"follow","max-snippet":"max-snippet:-1","max-image-preview":"max-image-preview:large","max-video-preview":"max-video-preview:-1"},"canonical":"http:\/\/alpha-technologie.com\/?page_id=254","og_locale":"fr_FR","og_type":"article","og_title":"Cl\u00f4ture \u00e9lectrique - Alpha Tech","og_url":"http:\/\/alpha-technologie.com\/?page_id=254","og_site_name":"Alpha Tech","article_publisher":"https:\/\/www.facebook.com\/profile.php?id=61555275631156","article_modified_time":"2024-08-12T11:12:09+00:00","og_image":[{"width":800,"height":437,"url":"http:\/\/alpha-technologie.com\/wp-content\/uploads\/2023\/08\/logo-seydou.jpg","type":"image\/jpeg"}],"twitter_card":"summary_large_image","schema":{"@context":"https:\/\/schema.org","@graph":[{"@type":"WebPage","@id":"http:\/\/alpha-technologie.com\/?page_id=254","url":"http:\/\/alpha-technologie.com\/?page_id=254","name":"Cl\u00f4ture \u00e9lectrique - Alpha Tech","isPartOf":{"@id":"https:\/\/alpha-technologie.com\/#website"},"datePublished":"2024-08-12T11:12:07+00:00","dateModified":"2024-08-12T11:12:09+00:00","breadcrumb":{"@id":"http:\/\/alpha-technologie.com\/?page_id=254#breadcrumb"},"inLanguage":"fr-FR","potentialAction":[{"@type":"ReadAction","target":["http:\/\/alpha-technologie.com\/?page_id=254"]}]},{"@type":"BreadcrumbList","@id":"http:\/\/alpha-technologie.com\/?page_id=254#breadcrumb","itemListElement":[{"@type":"ListItem","position":1,"name":"Accueil","item":"https:\/\/alpha-technologie.com\/"},{"@type":"ListItem","position":2,"name":"Cl\u00f4ture \u00e9lectrique"}]},{"@type":"WebSite","@id":"https:\/\/alpha-technologie.com\/#website","url":"https:\/\/alpha-technologie.com\/","name":"Alpha Tech","description":"Votre s\u00e9curit\u00e9, notre priorit\u00e9","publisher":{"@id":"https:\/\/alpha-technologie.com\/#organization"},"alternateName":"Alpha tech","potentialAction":[{"@type":"SearchAction","target":{"@type":"EntryPoint","urlTemplate":"https:\/\/alpha-technologie.com\/?s={search_term_string}"},"query-input":{"@type":"PropertyValueSpecification","valueRequired":true,"valueName":"search_term_string"}}],"inLanguage":"fr-FR"},{"@type":"Organization","@id":"https:\/\/alpha-technologie.com\/#organization","name":"Alpha Tech","alternateName":"alphatech","url":"https:\/\/alpha-technologie.com\/","logo":{"@type":"ImageObject","inLanguage":"fr-FR","@id":"https:\/\/alpha-technologie.com\/#\/schema\/logo\/image\/","url":"http:\/\/alpha-technologie.com\/wp-content\/uploads\/2023\/08\/logo-seydou.jpg","contentUrl":"http:\/\/alpha-technologie.com\/wp-content\/uploads\/2023\/08\/logo-seydou.jpg","width":800,"height":437,"caption":"Alpha Tech"},"image":{"@id":"https:\/\/alpha-technologie.com\/#\/schema\/logo\/image\/"},"sameAs":["https:\/\/www.facebook.com\/profile.php?id=61555275631156"]}]}},"_links":{"self":[{"href":"http:\/\/alpha-technologie.com\/index.php?rest_route=\/wp\/v2\/pages\/254","targetHints":{"allow":["GET"]}}],"collection":[{"href":"http:\/\/alpha-technologie.com\/index.php?rest_route=\/wp\/v2\/pages"}],"about":[{"href":"http:\/\/alpha-technologie.com\/index.php?rest_route=\/wp\/v2\/types\/page"}],"author":[{"embeddable":true,"href":"http:\/\/alpha-technologie.com\/index.php?rest_route=\/wp\/v2\/users\/3"}],"replies":[{"embeddable":true,"href":"http:\/\/alpha-technologie.com\/index.php?rest_route=%2Fwp%2Fv2%2Fcomments&post=254"}],"version-history":[{"count":2,"href":"http:\/\/alpha-technologie.com\/index.php?rest_route=\/wp\/v2\/pages\/254\/revisions"}],"predecessor-version":[{"id":256,"href":"http:\/\/alpha-technologie.com\/index.php?rest_route=\/wp\/v2\/pages\/254\/revisions\/256"}],"wp:attachment":[{"href":"http:\/\/alpha-technologie.com\/index.php?rest_route=%2Fwp%2Fv2%2Fmedia&parent=254"}],"curies":[{"name":"wp","href":"https:\/\/api.w.org\/{rel}","templated":true}]}}