{"id":260,"date":"2024-09-04T12:29:07","date_gmt":"2024-09-04T10:29:07","guid":{"rendered":"http:\/\/alpha-technologie.com\/?page_id=260"},"modified":"2024-09-24T15:29:14","modified_gmt":"2024-09-24T13:29:14","slug":"cloture-electrique-2","status":"publish","type":"page","link":"http:\/\/alpha-technologie.com\/?page_id=260","title":{"rendered":"cl\u00f4ture-\u00e9lectrique"},"content":{"rendered":"[vc_row equal_columns=\u00a0\u00bbtrue\u00a0\u00bb css=\u00a0\u00bb.vc_custom_1725984368350{background-image: url(http:\/\/alpha-technologie.com\/wp-content\/uploads\/2024\/09\/sans-titre-1.jpg?id=263) !important;background-position: center !important;background-repeat: no-repeat !important;background-size: cover !important;}\u00a0\u00bb][vc_column][mk_padding_divider size=\u00a0\u00bb120&Prime;][mk_fancy_title color=\u00a0\u00bb#b24929&Prime; size=\u00a0\u00bb42&Prime; font_weight=\u00a0\u00bbbold\u00a0\u00bb txt_transform=\u00a0\u00bbuppercase\u00a0\u00bb font_family=\u00a0\u00bbIM+Fell+Great+Primer\u00a0\u00bb font_type=\u00a0\u00bbgoogle\u00a0\u00bb align=\u00a0\u00bbcenter\u00a0\u00bb animation=\u00a0\u00bbbottom-to-top\u00a0\u00bb]Cl\u00f4ture \u00e9lectrique[\/mk_fancy_title][mk_padding_divider size=\u00a0\u00bb115&Prime;][\/vc_column][\/vc_row][vc_row][vc_column][mk_padding_divider size=\u00a0\u00bb43&Prime;][vc_btn title=\u00a0\u00bbDemande de devis\u00a0\u00bb style=\u00a0\u00bb3d\u00a0\u00bb color=\u00a0\u00bbsky\u00a0\u00bb align=\u00a0\u00bbcenter\u00a0\u00bb css_animation=\u00a0\u00bbfadeInLeft\u00a0\u00bb][mk_padding_divider size=\u00a0\u00bb43&Prime;][\/vc_column][\/vc_row][vc_row][vc_column width=\u00a0\u00bb1\/2&Prime;][mk_padding_divider][mk_gallery images=\u00a0\u00bb266,267,269,270&Prime; column=\u00a0\u00bb2&Prime; hover_scenarios=\u00a0\u00bbslow_zoom\u00a0\u00bb][\/vc_column][vc_column width=\u00a0\u00bb1\/2&Prime;][mk_padding_divider][vc_custom_heading text=\u00a0\u00bbInstallation de cl\u00f4ture \u00e9lectrique\u00a0\u00bb font_container=\u00a0\u00bbtag:h2|text_align:left|color:%23b74b2a\u00a0\u00bb google_fonts=\u00a0\u00bbfont_family:Aclonica%3Aregular|font_style:400%20regular%3A400%3Anormal\u00a0\u00bb][vc_column_text css=\u00a0\u00bb.vc_custom_1727094061373{margin-bottom: 0px !important;}\u00a0\u00bb]La cl\u00f4ture \u00e9lectrique repr\u00e9sente un choix s\u00fbr pour garantir votre s\u00e9curit\u00e9, elle offre une barri\u00e8re dissuasive qui emp\u00eache toute intrusion. Ce qui r\u00e9duit consid\u00e9rablement des co\u00fbts li\u00e9s \u00e0 la surveillance constante.<br \/>\nCon\u00e7ues avec des mat\u00e9riaux durables et r\u00e9sistants \u00e0 l\u2019eau, ces cl\u00f4tures garantissent une performance optimale, m\u00eame dans des conditions climatiques difficiles.<br \/>\nChaque syst\u00e8me de cl\u00f4ture est couvert par une garantie compl\u00e8te, assurant la tranquillit\u00e9 d\u2019esprit.[\/vc_column_text][vc_row_inner][vc_column_inner width=\u00a0\u00bb1\/3&Prime;][mk_chart percent=\u00a0\u00bb91&Prime; bar_size=\u00a0\u00bb107&Prime; content_type=\u00a0\u00bbcustom_text\u00a0\u00bb custom_text=\u00a0\u00bbS\u00e9curit\u00e9\u00a0\u00bb desc=\u00a0\u00bbS\u00e9curit\u00e9 renforc\u00e9\u00a0\u00bb][\/vc_column_inner][vc_column_inner width=\u00a0\u00bb1\/3&Prime;][mk_chart percent=\u00a0\u00bb93&Prime; bar_color=\u00a0\u00bb#339b35&Prime; bar_size=\u00a0\u00bb103&Prime; content_type=\u00a0\u00bbcustom_text\u00a0\u00bb custom_text=\u00a0\u00bbTranquilit\u00e9\u00a0\u00bb desc=\u00a0\u00bbUne tranquillit\u00e9 d&rsquo;esprit in\u00e9gal\u00e9\u00a0\u00bb][\/vc_column_inner][vc_column_inner width=\u00a0\u00bb1\/3&Prime;][mk_chart percent=\u00a0\u00bb55&Prime; bar_color=\u00a0\u00bb#bcb118&Prime; bar_size=\u00a0\u00bb103&Prime; content_type=\u00a0\u00bbcustom_text\u00a0\u00bb custom_text=\u00a0\u00bbCo\u00fbt\u00a0\u00bb desc=\u00a0\u00bbLe co\u00fbt entretient r\u00e9duit\u00a0\u00bb][\/vc_column_inner][\/vc_row_inner][\/vc_column][\/vc_row][vc_row][vc_column width=\u00a0\u00bb1\/2&Prime;][vc_images_carousel images=\u00a0\u00bb276,277,278,279,280&Prime; img_size=\u00a0\u00bb500*400&Prime; autoplay=\u00a0\u00bbyes\u00a0\u00bb][\/vc_column][vc_column width=\u00a0\u00bb1\/2&Prime;][mk_title_box font_weight=\u00a0\u00bb600&Prime; font_family=\u00a0\u00bbBookman Old Style, serif\u00a0\u00bb font_type=\u00a0\u00bbsafefont\u00a0\u00bb]Nos \u00e9quipement de cl\u00f4tures[\/mk_title_box][vc_column_text css=\u00a0\u00bb.vc_custom_1727097484406{margin-bottom: 0px !important;}\u00a0\u00bb]<strong>Nous travaillons avec les meilleurs mat\u00e9riaux pour garantir la durabilit\u00e9 et l\u2019efficacit\u00e9 de vos cl\u00f4tures \u00e9lectriques.<\/strong> La qualit\u00e9 de nos supports est conforme aux normes europ\u00e9ennes les plus strictes, vous assurant ainsi une installation fiable et s\u00e9curis\u00e9e. Nos supports sont \u00e9quip\u00e9s de <strong>8 bobines<\/strong>, ce qui augmente consid\u00e9rablement la hauteur et la robustesse de votre cl\u00f4ture, renfor\u00e7ant ainsi la s\u00e9curit\u00e9 de votre propri\u00e9t\u00e9.[\/vc_column_text][\/vc_column][\/vc_row]\n","protected":false},"excerpt":{"rendered":"<p>[vc_row equal_columns=\u00a0\u00bbtrue\u00a0\u00bb css=\u00a0\u00bb.vc_custom_1725984368350{background-image: url(http:\/\/alpha-technologie.com\/wp-content\/uploads\/2024\/09\/sans-titre-1.jpg?id=263) !important;background-position: center !important;background-repeat: no-repeat !important;background-size: cover !important;}\u00a0\u00bb][vc_column][mk_padding_divider size=\u00a0\u00bb120&Prime;][mk_fancy_title color=\u00a0\u00bb#b24929&Prime; size=\u00a0\u00bb42&Prime; font_weight=\u00a0\u00bbbold\u00a0\u00bb txt_transform=\u00a0\u00bbuppercase\u00a0\u00bb font_family=\u00a0\u00bbIM+Fell+Great+Primer\u00a0\u00bb font_type=\u00a0\u00bbgoogle\u00a0\u00bb align=\u00a0\u00bbcenter\u00a0\u00bb animation=\u00a0\u00bbbottom-to-top\u00a0\u00bb]Cl\u00f4ture \u00e9lectrique[\/mk_fancy_title][mk_padding_divider size=\u00a0\u00bb115&Prime;][\/vc_column][\/vc_row][vc_row][vc_column][mk_padding_divider size=\u00a0\u00bb43&Prime;][vc_btn title=\u00a0\u00bbDemande de devis\u00a0\u00bb style=\u00a0\u00bb3d\u00a0\u00bb color=\u00a0\u00bbsky\u00a0\u00bb align=\u00a0\u00bbcenter\u00a0\u00bb css_animation=\u00a0\u00bbfadeInLeft\u00a0\u00bb][mk_padding_divider size=\u00a0\u00bb43&Prime;][\/vc_column][\/vc_row][vc_row][vc_column width=\u00a0\u00bb1\/2&Prime;][mk_padding_divider][mk_gallery images=\u00a0\u00bb266,267,269,270&Prime; column=\u00a0\u00bb2&Prime; hover_scenarios=\u00a0\u00bbslow_zoom\u00a0\u00bb][\/vc_column][vc_column width=\u00a0\u00bb1\/2&Prime;][mk_padding_divider][vc_custom_heading text=\u00a0\u00bbInstallation de cl\u00f4ture \u00e9lectrique\u00a0\u00bb font_container=\u00a0\u00bbtag:h2|text_align:left|color:%23b74b2a\u00a0\u00bb google_fonts=\u00a0\u00bbfont_family:Aclonica%3Aregular|font_style:400%20regular%3A400%3Anormal\u00a0\u00bb][vc_column_text css=\u00a0\u00bb.vc_custom_1727094061373{margin-bottom: 0px !important;}\u00a0\u00bb]La cl\u00f4ture \u00e9lectrique repr\u00e9sente un choix s\u00fbr pour garantir votre s\u00e9curit\u00e9, [&hellip;]<\/p>\n","protected":false},"author":1,"featured_media":0,"parent":0,"menu_order":0,"comment_status":"closed","ping_status":"closed","template":"","meta":{"footnotes":""},"class_list":["post-260","page","type-page","status-publish","hentry"],"yoast_head":"<!-- This site is optimized with the Yoast SEO plugin v23.5 - https:\/\/yoast.com\/wordpress\/plugins\/seo\/ -->\n<title>cl\u00f4ture-\u00e9lectrique - Alpha Tech<\/title>\n<meta name=\"robots\" content=\"index, follow, max-snippet:-1, max-image-preview:large, max-video-preview:-1\" \/>\n<link rel=\"canonical\" href=\"https:\/\/alpha-technologie.com\/?page_id=260\" \/>\n<meta property=\"og:locale\" content=\"fr_FR\" \/>\n<meta property=\"og:type\" content=\"article\" \/>\n<meta property=\"og:title\" content=\"cl\u00f4ture-\u00e9lectrique - Alpha Tech\" \/>\n<meta property=\"og:description\" content=\"[vc_row equal_columns=\u00a0\u00bbtrue\u00a0\u00bb css=\u00a0\u00bb.vc_custom_1725984368350{background-image: url(http:\/\/alpha-technologie.com\/wp-content\/uploads\/2024\/09\/sans-titre-1.jpg?id=263) !important;background-position: center !important;background-repeat: no-repeat !important;background-size: cover !important;}\u00a0\u00bb][vc_column][mk_padding_divider size=\u00a0\u00bb120&Prime;][mk_fancy_title color=\u00a0\u00bb#b24929&Prime; size=\u00a0\u00bb42&Prime; font_weight=\u00a0\u00bbbold\u00a0\u00bb txt_transform=\u00a0\u00bbuppercase\u00a0\u00bb font_family=\u00a0\u00bbIM+Fell+Great+Primer\u00a0\u00bb font_type=\u00a0\u00bbgoogle\u00a0\u00bb align=\u00a0\u00bbcenter\u00a0\u00bb animation=\u00a0\u00bbbottom-to-top\u00a0\u00bb]Cl\u00f4ture \u00e9lectrique[\/mk_fancy_title][mk_padding_divider size=\u00a0\u00bb115&Prime;][\/vc_column][\/vc_row][vc_row][vc_column][mk_padding_divider size=\u00a0\u00bb43&Prime;][vc_btn title=\u00a0\u00bbDemande de devis\u00a0\u00bb style=\u00a0\u00bb3d\u00a0\u00bb color=\u00a0\u00bbsky\u00a0\u00bb align=\u00a0\u00bbcenter\u00a0\u00bb css_animation=\u00a0\u00bbfadeInLeft\u00a0\u00bb][mk_padding_divider size=\u00a0\u00bb43&Prime;][\/vc_column][\/vc_row][vc_row][vc_column width=\u00a0\u00bb1\/2&Prime;][mk_padding_divider][mk_gallery images=\u00a0\u00bb266,267,269,270&Prime; column=\u00a0\u00bb2&Prime; hover_scenarios=\u00a0\u00bbslow_zoom\u00a0\u00bb][\/vc_column][vc_column width=\u00a0\u00bb1\/2&Prime;][mk_padding_divider][vc_custom_heading text=\u00a0\u00bbInstallation de cl\u00f4ture \u00e9lectrique\u00a0\u00bb font_container=\u00a0\u00bbtag:h2|text_align:left|color:%23b74b2a\u00a0\u00bb google_fonts=\u00a0\u00bbfont_family:Aclonica%3Aregular|font_style:400%20regular%3A400%3Anormal\u00a0\u00bb][vc_column_text css=\u00a0\u00bb.vc_custom_1727094061373{margin-bottom: 0px !important;}\u00a0\u00bb]La cl\u00f4ture \u00e9lectrique repr\u00e9sente un choix s\u00fbr pour garantir votre s\u00e9curit\u00e9, [&hellip;]\" \/>\n<meta property=\"og:url\" content=\"https:\/\/alpha-technologie.com\/?page_id=260\" \/>\n<meta property=\"og:site_name\" content=\"Alpha Tech\" \/>\n<meta property=\"article:publisher\" content=\"https:\/\/www.facebook.com\/profile.php?id=61555275631156\" \/>\n<meta property=\"article:modified_time\" content=\"2024-09-24T13:29:14+00:00\" \/>\n<meta property=\"og:image\" content=\"http:\/\/alpha-technologie.com\/wp-content\/uploads\/2023\/08\/logo-seydou.jpg\" \/>\n\t<meta property=\"og:image:width\" content=\"800\" \/>\n\t<meta property=\"og:image:height\" content=\"437\" \/>\n\t<meta property=\"og:image:type\" content=\"image\/jpeg\" \/>\n<meta name=\"twitter:card\" content=\"summary_large_image\" \/>\n<meta name=\"twitter:label1\" content=\"Dur\u00e9e de lecture estim\u00e9e\" \/>\n\t<meta name=\"twitter:data1\" content=\"2 minutes\" \/>\n<script type=\"application\/ld+json\" class=\"yoast-schema-graph\">{\"@context\":\"https:\/\/schema.org\",\"@graph\":[{\"@type\":\"WebPage\",\"@id\":\"https:\/\/alpha-technologie.com\/?page_id=260\",\"url\":\"https:\/\/alpha-technologie.com\/?page_id=260\",\"name\":\"cl\u00f4ture-\u00e9lectrique - Alpha Tech\",\"isPartOf\":{\"@id\":\"http:\/\/alpha-technologie.com\/#website\"},\"datePublished\":\"2024-09-04T10:29:07+00:00\",\"dateModified\":\"2024-09-24T13:29:14+00:00\",\"breadcrumb\":{\"@id\":\"https:\/\/alpha-technologie.com\/?page_id=260#breadcrumb\"},\"inLanguage\":\"fr-FR\",\"potentialAction\":[{\"@type\":\"ReadAction\",\"target\":[\"https:\/\/alpha-technologie.com\/?page_id=260\"]}]},{\"@type\":\"BreadcrumbList\",\"@id\":\"https:\/\/alpha-technologie.com\/?page_id=260#breadcrumb\",\"itemListElement\":[{\"@type\":\"ListItem\",\"position\":1,\"name\":\"Accueil\",\"item\":\"http:\/\/alpha-technologie.com\/\"},{\"@type\":\"ListItem\",\"position\":2,\"name\":\"cl\u00f4ture-\u00e9lectrique\"}]},{\"@type\":\"WebSite\",\"@id\":\"http:\/\/alpha-technologie.com\/#website\",\"url\":\"http:\/\/alpha-technologie.com\/\",\"name\":\"Alpha Tech\",\"description\":\"Votre s\u00e9curit\u00e9, notre priorit\u00e9\",\"publisher\":{\"@id\":\"http:\/\/alpha-technologie.com\/#organization\"},\"alternateName\":\"Alpha tech\",\"potentialAction\":[{\"@type\":\"SearchAction\",\"target\":{\"@type\":\"EntryPoint\",\"urlTemplate\":\"http:\/\/alpha-technologie.com\/?s={search_term_string}\"},\"query-input\":{\"@type\":\"PropertyValueSpecification\",\"valueRequired\":true,\"valueName\":\"search_term_string\"}}],\"inLanguage\":\"fr-FR\"},{\"@type\":\"Organization\",\"@id\":\"http:\/\/alpha-technologie.com\/#organization\",\"name\":\"Alpha Tech\",\"alternateName\":\"alphatech\",\"url\":\"http:\/\/alpha-technologie.com\/\",\"logo\":{\"@type\":\"ImageObject\",\"inLanguage\":\"fr-FR\",\"@id\":\"http:\/\/alpha-technologie.com\/#\/schema\/logo\/image\/\",\"url\":\"http:\/\/alpha-technologie.com\/wp-content\/uploads\/2023\/08\/logo-seydou.jpg\",\"contentUrl\":\"http:\/\/alpha-technologie.com\/wp-content\/uploads\/2023\/08\/logo-seydou.jpg\",\"width\":800,\"height\":437,\"caption\":\"Alpha Tech\"},\"image\":{\"@id\":\"http:\/\/alpha-technologie.com\/#\/schema\/logo\/image\/\"},\"sameAs\":[\"https:\/\/www.facebook.com\/profile.php?id=61555275631156\"]}]}<\/script>\n<!-- \/ Yoast SEO plugin. -->","yoast_head_json":{"title":"cl\u00f4ture-\u00e9lectrique - Alpha Tech","robots":{"index":"index","follow":"follow","max-snippet":"max-snippet:-1","max-image-preview":"max-image-preview:large","max-video-preview":"max-video-preview:-1"},"canonical":"https:\/\/alpha-technologie.com\/?page_id=260","og_locale":"fr_FR","og_type":"article","og_title":"cl\u00f4ture-\u00e9lectrique - Alpha Tech","og_description":"[vc_row equal_columns=\u00a0\u00bbtrue\u00a0\u00bb css=\u00a0\u00bb.vc_custom_1725984368350{background-image: url(http:\/\/alpha-technologie.com\/wp-content\/uploads\/2024\/09\/sans-titre-1.jpg?id=263) !important;background-position: center !important;background-repeat: no-repeat !important;background-size: cover !important;}\u00a0\u00bb][vc_column][mk_padding_divider size=\u00a0\u00bb120&Prime;][mk_fancy_title color=\u00a0\u00bb#b24929&Prime; size=\u00a0\u00bb42&Prime; font_weight=\u00a0\u00bbbold\u00a0\u00bb txt_transform=\u00a0\u00bbuppercase\u00a0\u00bb font_family=\u00a0\u00bbIM+Fell+Great+Primer\u00a0\u00bb font_type=\u00a0\u00bbgoogle\u00a0\u00bb align=\u00a0\u00bbcenter\u00a0\u00bb animation=\u00a0\u00bbbottom-to-top\u00a0\u00bb]Cl\u00f4ture \u00e9lectrique[\/mk_fancy_title][mk_padding_divider size=\u00a0\u00bb115&Prime;][\/vc_column][\/vc_row][vc_row][vc_column][mk_padding_divider size=\u00a0\u00bb43&Prime;][vc_btn title=\u00a0\u00bbDemande de devis\u00a0\u00bb style=\u00a0\u00bb3d\u00a0\u00bb color=\u00a0\u00bbsky\u00a0\u00bb align=\u00a0\u00bbcenter\u00a0\u00bb css_animation=\u00a0\u00bbfadeInLeft\u00a0\u00bb][mk_padding_divider size=\u00a0\u00bb43&Prime;][\/vc_column][\/vc_row][vc_row][vc_column width=\u00a0\u00bb1\/2&Prime;][mk_padding_divider][mk_gallery images=\u00a0\u00bb266,267,269,270&Prime; column=\u00a0\u00bb2&Prime; hover_scenarios=\u00a0\u00bbslow_zoom\u00a0\u00bb][\/vc_column][vc_column width=\u00a0\u00bb1\/2&Prime;][mk_padding_divider][vc_custom_heading text=\u00a0\u00bbInstallation de cl\u00f4ture \u00e9lectrique\u00a0\u00bb font_container=\u00a0\u00bbtag:h2|text_align:left|color:%23b74b2a\u00a0\u00bb google_fonts=\u00a0\u00bbfont_family:Aclonica%3Aregular|font_style:400%20regular%3A400%3Anormal\u00a0\u00bb][vc_column_text css=\u00a0\u00bb.vc_custom_1727094061373{margin-bottom: 0px !important;}\u00a0\u00bb]La cl\u00f4ture \u00e9lectrique repr\u00e9sente un choix s\u00fbr pour garantir votre s\u00e9curit\u00e9, [&hellip;]","og_url":"https:\/\/alpha-technologie.com\/?page_id=260","og_site_name":"Alpha Tech","article_publisher":"https:\/\/www.facebook.com\/profile.php?id=61555275631156","article_modified_time":"2024-09-24T13:29:14+00:00","og_image":[{"width":800,"height":437,"url":"http:\/\/alpha-technologie.com\/wp-content\/uploads\/2023\/08\/logo-seydou.jpg","type":"image\/jpeg"}],"twitter_card":"summary_large_image","twitter_misc":{"Dur\u00e9e de lecture estim\u00e9e":"2 minutes"},"schema":{"@context":"https:\/\/schema.org","@graph":[{"@type":"WebPage","@id":"https:\/\/alpha-technologie.com\/?page_id=260","url":"https:\/\/alpha-technologie.com\/?page_id=260","name":"cl\u00f4ture-\u00e9lectrique - Alpha Tech","isPartOf":{"@id":"http:\/\/alpha-technologie.com\/#website"},"datePublished":"2024-09-04T10:29:07+00:00","dateModified":"2024-09-24T13:29:14+00:00","breadcrumb":{"@id":"https:\/\/alpha-technologie.com\/?page_id=260#breadcrumb"},"inLanguage":"fr-FR","potentialAction":[{"@type":"ReadAction","target":["https:\/\/alpha-technologie.com\/?page_id=260"]}]},{"@type":"BreadcrumbList","@id":"https:\/\/alpha-technologie.com\/?page_id=260#breadcrumb","itemListElement":[{"@type":"ListItem","position":1,"name":"Accueil","item":"http:\/\/alpha-technologie.com\/"},{"@type":"ListItem","position":2,"name":"cl\u00f4ture-\u00e9lectrique"}]},{"@type":"WebSite","@id":"http:\/\/alpha-technologie.com\/#website","url":"http:\/\/alpha-technologie.com\/","name":"Alpha Tech","description":"Votre s\u00e9curit\u00e9, notre priorit\u00e9","publisher":{"@id":"http:\/\/alpha-technologie.com\/#organization"},"alternateName":"Alpha tech","potentialAction":[{"@type":"SearchAction","target":{"@type":"EntryPoint","urlTemplate":"http:\/\/alpha-technologie.com\/?s={search_term_string}"},"query-input":{"@type":"PropertyValueSpecification","valueRequired":true,"valueName":"search_term_string"}}],"inLanguage":"fr-FR"},{"@type":"Organization","@id":"http:\/\/alpha-technologie.com\/#organization","name":"Alpha Tech","alternateName":"alphatech","url":"http:\/\/alpha-technologie.com\/","logo":{"@type":"ImageObject","inLanguage":"fr-FR","@id":"http:\/\/alpha-technologie.com\/#\/schema\/logo\/image\/","url":"http:\/\/alpha-technologie.com\/wp-content\/uploads\/2023\/08\/logo-seydou.jpg","contentUrl":"http:\/\/alpha-technologie.com\/wp-content\/uploads\/2023\/08\/logo-seydou.jpg","width":800,"height":437,"caption":"Alpha Tech"},"image":{"@id":"http:\/\/alpha-technologie.com\/#\/schema\/logo\/image\/"},"sameAs":["https:\/\/www.facebook.com\/profile.php?id=61555275631156"]}]}},"_links":{"self":[{"href":"http:\/\/alpha-technologie.com\/index.php?rest_route=\/wp\/v2\/pages\/260","targetHints":{"allow":["GET"]}}],"collection":[{"href":"http:\/\/alpha-technologie.com\/index.php?rest_route=\/wp\/v2\/pages"}],"about":[{"href":"http:\/\/alpha-technologie.com\/index.php?rest_route=\/wp\/v2\/types\/page"}],"author":[{"embeddable":true,"href":"http:\/\/alpha-technologie.com\/index.php?rest_route=\/wp\/v2\/users\/1"}],"replies":[{"embeddable":true,"href":"http:\/\/alpha-technologie.com\/index.php?rest_route=%2Fwp%2Fv2%2Fcomments&post=260"}],"version-history":[{"count":8,"href":"http:\/\/alpha-technologie.com\/index.php?rest_route=\/wp\/v2\/pages\/260\/revisions"}],"predecessor-version":[{"id":290,"href":"http:\/\/alpha-technologie.com\/index.php?rest_route=\/wp\/v2\/pages\/260\/revisions\/290"}],"wp:attachment":[{"href":"http:\/\/alpha-technologie.com\/index.php?rest_route=%2Fwp%2Fv2%2Fmedia&parent=260"}],"curies":[{"name":"wp","href":"https:\/\/api.w.org\/{rel}","templated":true}]}}