{"id":283,"date":"2024-09-24T12:43:35","date_gmt":"2024-09-24T10:43:35","guid":{"rendered":"http:\/\/alpha-technologie.com\/?page_id=283"},"modified":"2024-09-24T13:43:03","modified_gmt":"2024-09-24T11:43:03","slug":"contact","status":"publish","type":"page","link":"http:\/\/alpha-technologie.com\/?page_id=283","title":{"rendered":"Contact"},"content":{"rendered":"[vc_row css=\u00a0\u00bb.vc_custom_1727175061785{background-image: url(http:\/\/alpha-technologie.com\/wp-content\/uploads\/2023\/09\/contact_us_279387361-1024&#215;325-1.jpg?id=123) !important;}\u00a0\u00bb][vc_column][mk_padding_divider size=\u00a0\u00bb24&Prime;][mk_fancy_title color=\u00a0\u00bb#ffffff\u00a0\u00bb size=\u00a0\u00bb47&Prime; margin_bottom=\u00a0\u00bb0&Prime; font_family=\u00a0\u00bbnone\u00a0\u00bb align=\u00a0\u00bbcenter\u00a0\u00bb animation=\u00a0\u00bbright-to-left\u00a0\u00bb]Contacter nous pour un devis<\/p>\n<p>&nbsp;[\/mk_fancy_title][\/vc_column][\/vc_row][vc_row][vc_column][\/vc_column][\/vc_row][vc_row][vc_column width=\u00a0\u00bb1\/2&Prime;][mk_contact_form title=\u00a0\u00bbNous contacter\u00a0\u00bb style=\u00a0\u00bbcorporate\u00a0\u00bb button_text=\u00a0\u00bbEnvoyer\u00a0\u00bb phone=\u00a0\u00bbtrue\u00a0\u00bb gdpr_consent_text=\u00a0\u00bbJe consens \u00e0 ce qu&rsquo;Alpha Tech collecte mes informations via ce formulaire.\u00a0\u00bb][\/vc_column][vc_column width=\u00a0\u00bb1\/2&Prime;][mk_image src=\u00a0\u00bbhttp:\/\/alpha-technologie.com\/wp-content\/uploads\/2023\/09\/confiance.png\u00a0\u00bb image_width=\u00a0\u00bb712&Prime; image_height=\u00a0\u00bb1157&Prime;][\/vc_column][\/vc_row][vc_row][vc_column width=\u00a0\u00bb1\/2&Prime;][mk_moving_image src=\u00a0\u00bbhttp:\/\/alpha-technologie.com\/wp-content\/uploads\/2023\/08\/logo-alpa-tech.png\u00a0\u00bb][mk_padding_divider][\/vc_column][vc_column width=\u00a0\u00bb1\/2&Prime;][mk_custom_list style=\u00a0\u00bbmk-moon-phone\u00a0\u00bb]\n<ul>\n<li>Contact:\u00a0 05 46 17 48 48\u00a0 \/ 07 88 12 12 22<\/li>\n<\/ul>\n[\/mk_custom_list][mk_custom_list style=\u00a0\u00bbmk-moon-location-3&Prime;]\n<ul>\n<li>Situ\u00e9 \u00e0 Angr\u00e9 non loin de la cit\u00e9e militaire, immeuble les r\u00e9sidences Massaratch\u00e9<\/li>\n<\/ul>\n[\/mk_custom_list][mk_custom_list style=\u00a0\u00bbmk-icon-facebook-square\u00a0\u00bb]\n<ul>\n<li>Facebook : https:\/\/www.facebook.com\/profile.php?id=61555275631156<\/li>\n<\/ul>\n[\/mk_custom_list][\/vc_column][\/vc_row][vc_row][vc_column][mk_advanced_gmaps latitude=\u00a0\u00bb5.420753815840449&Prime; longitude=\u00a0\u00bb-3.9680112446884306&Prime; address=\u00a0\u00bbAlpha Tech\u00a0\u00bb][\/vc_column][\/vc_row]\n","protected":false},"excerpt":{"rendered":"<p>[vc_row css=\u00a0\u00bb.vc_custom_1727175061785{background-image: url(http:\/\/alpha-technologie.com\/wp-content\/uploads\/2023\/09\/contact_us_279387361-1024&#215;325-1.jpg?id=123) !important;}\u00a0\u00bb][vc_column][mk_padding_divider size=\u00a0\u00bb24&Prime;][mk_fancy_title color=\u00a0\u00bb#ffffff\u00a0\u00bb size=\u00a0\u00bb47&Prime; margin_bottom=\u00a0\u00bb0&Prime; font_family=\u00a0\u00bbnone\u00a0\u00bb align=\u00a0\u00bbcenter\u00a0\u00bb animation=\u00a0\u00bbright-to-left\u00a0\u00bb]Contacter nous pour un devis &nbsp;[\/mk_fancy_title][\/vc_column][\/vc_row][vc_row][vc_column][\/vc_column][\/vc_row][vc_row][vc_column width=\u00a0\u00bb1\/2&Prime;][mk_contact_form title=\u00a0\u00bbNous contacter\u00a0\u00bb style=\u00a0\u00bbcorporate\u00a0\u00bb button_text=\u00a0\u00bbEnvoyer\u00a0\u00bb phone=\u00a0\u00bbtrue\u00a0\u00bb gdpr_consent_text=\u00a0\u00bbJe consens \u00e0 ce qu&rsquo;Alpha Tech collecte mes informations via ce formulaire.\u00a0\u00bb][\/vc_column][vc_column width=\u00a0\u00bb1\/2&Prime;][mk_image src=\u00a0\u00bbhttp:\/\/alpha-technologie.com\/wp-content\/uploads\/2023\/09\/confiance.png\u00a0\u00bb image_width=\u00a0\u00bb712&Prime; image_height=\u00a0\u00bb1157&Prime;][\/vc_column][\/vc_row][vc_row][vc_column width=\u00a0\u00bb1\/2&Prime;][mk_moving_image src=\u00a0\u00bbhttp:\/\/alpha-technologie.com\/wp-content\/uploads\/2023\/08\/logo-alpa-tech.png\u00a0\u00bb][mk_padding_divider][\/vc_column][vc_column width=\u00a0\u00bb1\/2&Prime;][mk_custom_list style=\u00a0\u00bbmk-moon-phone\u00a0\u00bb] Contact:\u00a0 05 46 17 48 48\u00a0 \/ 07 88 12 12 22 [\/mk_custom_list][mk_custom_list [&hellip;]<\/p>\n","protected":false},"author":1,"featured_media":0,"parent":0,"menu_order":0,"comment_status":"closed","ping_status":"closed","template":"","meta":{"footnotes":""},"class_list":["post-283","page","type-page","status-publish","hentry"],"yoast_head":"<!-- This site is optimized with the Yoast SEO plugin v23.5 - https:\/\/yoast.com\/wordpress\/plugins\/seo\/ -->\n<title>Contact - Alpha Tech<\/title>\n<meta name=\"robots\" content=\"index, follow, max-snippet:-1, max-image-preview:large, max-video-preview:-1\" \/>\n<link rel=\"canonical\" href=\"https:\/\/alpha-technologie.com\/?page_id=283\" \/>\n<meta property=\"og:locale\" content=\"fr_FR\" \/>\n<meta property=\"og:type\" content=\"article\" \/>\n<meta property=\"og:title\" content=\"Contact - Alpha Tech\" \/>\n<meta property=\"og:description\" content=\"[vc_row css=\u00a0\u00bb.vc_custom_1727175061785{background-image: url(http:\/\/alpha-technologie.com\/wp-content\/uploads\/2023\/09\/contact_us_279387361-1024&#215;325-1.jpg?id=123) !important;}\u00a0\u00bb][vc_column][mk_padding_divider size=\u00a0\u00bb24&Prime;][mk_fancy_title color=\u00a0\u00bb#ffffff\u00a0\u00bb size=\u00a0\u00bb47&Prime; margin_bottom=\u00a0\u00bb0&Prime; font_family=\u00a0\u00bbnone\u00a0\u00bb align=\u00a0\u00bbcenter\u00a0\u00bb animation=\u00a0\u00bbright-to-left\u00a0\u00bb]Contacter nous pour un devis &nbsp;[\/mk_fancy_title][\/vc_column][\/vc_row][vc_row][vc_column][\/vc_column][\/vc_row][vc_row][vc_column width=\u00a0\u00bb1\/2&Prime;][mk_contact_form title=\u00a0\u00bbNous contacter\u00a0\u00bb style=\u00a0\u00bbcorporate\u00a0\u00bb button_text=\u00a0\u00bbEnvoyer\u00a0\u00bb phone=\u00a0\u00bbtrue\u00a0\u00bb gdpr_consent_text=\u00a0\u00bbJe consens \u00e0 ce qu&rsquo;Alpha Tech collecte mes informations via ce formulaire.\u00a0\u00bb][\/vc_column][vc_column width=\u00a0\u00bb1\/2&Prime;][mk_image src=\u00a0\u00bbhttp:\/\/alpha-technologie.com\/wp-content\/uploads\/2023\/09\/confiance.png\u00a0\u00bb image_width=\u00a0\u00bb712&Prime; image_height=\u00a0\u00bb1157&Prime;][\/vc_column][\/vc_row][vc_row][vc_column width=\u00a0\u00bb1\/2&Prime;][mk_moving_image src=\u00a0\u00bbhttp:\/\/alpha-technologie.com\/wp-content\/uploads\/2023\/08\/logo-alpa-tech.png\u00a0\u00bb][mk_padding_divider][\/vc_column][vc_column width=\u00a0\u00bb1\/2&Prime;][mk_custom_list style=\u00a0\u00bbmk-moon-phone\u00a0\u00bb] Contact:\u00a0 05 46 17 48 48\u00a0 \/ 07 88 12 12 22 [\/mk_custom_list][mk_custom_list [&hellip;]\" \/>\n<meta property=\"og:url\" content=\"https:\/\/alpha-technologie.com\/?page_id=283\" \/>\n<meta property=\"og:site_name\" content=\"Alpha Tech\" \/>\n<meta property=\"article:publisher\" content=\"https:\/\/www.facebook.com\/profile.php?id=61555275631156\" \/>\n<meta property=\"article:modified_time\" content=\"2024-09-24T11:43:03+00:00\" \/>\n<meta property=\"og:image\" content=\"http:\/\/alpha-technologie.com\/wp-content\/uploads\/2023\/08\/logo-seydou.jpg\" \/>\n\t<meta property=\"og:image:width\" content=\"800\" \/>\n\t<meta property=\"og:image:height\" content=\"437\" \/>\n\t<meta property=\"og:image:type\" content=\"image\/jpeg\" \/>\n<meta name=\"twitter:card\" content=\"summary_large_image\" \/>\n<meta name=\"twitter:label1\" content=\"Dur\u00e9e de lecture estim\u00e9e\" \/>\n\t<meta name=\"twitter:data1\" content=\"1 minute\" \/>\n<script type=\"application\/ld+json\" class=\"yoast-schema-graph\">{\"@context\":\"https:\/\/schema.org\",\"@graph\":[{\"@type\":\"WebPage\",\"@id\":\"https:\/\/alpha-technologie.com\/?page_id=283\",\"url\":\"https:\/\/alpha-technologie.com\/?page_id=283\",\"name\":\"Contact - Alpha Tech\",\"isPartOf\":{\"@id\":\"https:\/\/alpha-technologie.com\/#website\"},\"datePublished\":\"2024-09-24T10:43:35+00:00\",\"dateModified\":\"2024-09-24T11:43:03+00:00\",\"breadcrumb\":{\"@id\":\"https:\/\/alpha-technologie.com\/?page_id=283#breadcrumb\"},\"inLanguage\":\"fr-FR\",\"potentialAction\":[{\"@type\":\"ReadAction\",\"target\":[\"https:\/\/alpha-technologie.com\/?page_id=283\"]}]},{\"@type\":\"BreadcrumbList\",\"@id\":\"https:\/\/alpha-technologie.com\/?page_id=283#breadcrumb\",\"itemListElement\":[{\"@type\":\"ListItem\",\"position\":1,\"name\":\"Accueil\",\"item\":\"https:\/\/alpha-technologie.com\/\"},{\"@type\":\"ListItem\",\"position\":2,\"name\":\"Contact\"}]},{\"@type\":\"WebSite\",\"@id\":\"https:\/\/alpha-technologie.com\/#website\",\"url\":\"https:\/\/alpha-technologie.com\/\",\"name\":\"Alpha Tech\",\"description\":\"Votre s\u00e9curit\u00e9, notre priorit\u00e9\",\"publisher\":{\"@id\":\"https:\/\/alpha-technologie.com\/#organization\"},\"alternateName\":\"Alpha tech\",\"potentialAction\":[{\"@type\":\"SearchAction\",\"target\":{\"@type\":\"EntryPoint\",\"urlTemplate\":\"https:\/\/alpha-technologie.com\/?s={search_term_string}\"},\"query-input\":{\"@type\":\"PropertyValueSpecification\",\"valueRequired\":true,\"valueName\":\"search_term_string\"}}],\"inLanguage\":\"fr-FR\"},{\"@type\":\"Organization\",\"@id\":\"https:\/\/alpha-technologie.com\/#organization\",\"name\":\"Alpha Tech\",\"alternateName\":\"alphatech\",\"url\":\"https:\/\/alpha-technologie.com\/\",\"logo\":{\"@type\":\"ImageObject\",\"inLanguage\":\"fr-FR\",\"@id\":\"https:\/\/alpha-technologie.com\/#\/schema\/logo\/image\/\",\"url\":\"http:\/\/alpha-technologie.com\/wp-content\/uploads\/2023\/08\/logo-seydou.jpg\",\"contentUrl\":\"http:\/\/alpha-technologie.com\/wp-content\/uploads\/2023\/08\/logo-seydou.jpg\",\"width\":800,\"height\":437,\"caption\":\"Alpha Tech\"},\"image\":{\"@id\":\"https:\/\/alpha-technologie.com\/#\/schema\/logo\/image\/\"},\"sameAs\":[\"https:\/\/www.facebook.com\/profile.php?id=61555275631156\"]}]}<\/script>\n<!-- \/ Yoast SEO plugin. -->","yoast_head_json":{"title":"Contact - Alpha Tech","robots":{"index":"index","follow":"follow","max-snippet":"max-snippet:-1","max-image-preview":"max-image-preview:large","max-video-preview":"max-video-preview:-1"},"canonical":"https:\/\/alpha-technologie.com\/?page_id=283","og_locale":"fr_FR","og_type":"article","og_title":"Contact - Alpha Tech","og_description":"[vc_row css=\u00a0\u00bb.vc_custom_1727175061785{background-image: url(http:\/\/alpha-technologie.com\/wp-content\/uploads\/2023\/09\/contact_us_279387361-1024&#215;325-1.jpg?id=123) !important;}\u00a0\u00bb][vc_column][mk_padding_divider size=\u00a0\u00bb24&Prime;][mk_fancy_title color=\u00a0\u00bb#ffffff\u00a0\u00bb size=\u00a0\u00bb47&Prime; margin_bottom=\u00a0\u00bb0&Prime; font_family=\u00a0\u00bbnone\u00a0\u00bb align=\u00a0\u00bbcenter\u00a0\u00bb animation=\u00a0\u00bbright-to-left\u00a0\u00bb]Contacter nous pour un devis &nbsp;[\/mk_fancy_title][\/vc_column][\/vc_row][vc_row][vc_column][\/vc_column][\/vc_row][vc_row][vc_column width=\u00a0\u00bb1\/2&Prime;][mk_contact_form title=\u00a0\u00bbNous contacter\u00a0\u00bb style=\u00a0\u00bbcorporate\u00a0\u00bb button_text=\u00a0\u00bbEnvoyer\u00a0\u00bb phone=\u00a0\u00bbtrue\u00a0\u00bb gdpr_consent_text=\u00a0\u00bbJe consens \u00e0 ce qu&rsquo;Alpha Tech collecte mes informations via ce formulaire.\u00a0\u00bb][\/vc_column][vc_column width=\u00a0\u00bb1\/2&Prime;][mk_image src=\u00a0\u00bbhttp:\/\/alpha-technologie.com\/wp-content\/uploads\/2023\/09\/confiance.png\u00a0\u00bb image_width=\u00a0\u00bb712&Prime; image_height=\u00a0\u00bb1157&Prime;][\/vc_column][\/vc_row][vc_row][vc_column width=\u00a0\u00bb1\/2&Prime;][mk_moving_image src=\u00a0\u00bbhttp:\/\/alpha-technologie.com\/wp-content\/uploads\/2023\/08\/logo-alpa-tech.png\u00a0\u00bb][mk_padding_divider][\/vc_column][vc_column width=\u00a0\u00bb1\/2&Prime;][mk_custom_list style=\u00a0\u00bbmk-moon-phone\u00a0\u00bb] Contact:\u00a0 05 46 17 48 48\u00a0 \/ 07 88 12 12 22 [\/mk_custom_list][mk_custom_list [&hellip;]","og_url":"https:\/\/alpha-technologie.com\/?page_id=283","og_site_name":"Alpha Tech","article_publisher":"https:\/\/www.facebook.com\/profile.php?id=61555275631156","article_modified_time":"2024-09-24T11:43:03+00:00","og_image":[{"width":800,"height":437,"url":"http:\/\/alpha-technologie.com\/wp-content\/uploads\/2023\/08\/logo-seydou.jpg","type":"image\/jpeg"}],"twitter_card":"summary_large_image","twitter_misc":{"Dur\u00e9e de lecture estim\u00e9e":"1 minute"},"schema":{"@context":"https:\/\/schema.org","@graph":[{"@type":"WebPage","@id":"https:\/\/alpha-technologie.com\/?page_id=283","url":"https:\/\/alpha-technologie.com\/?page_id=283","name":"Contact - Alpha Tech","isPartOf":{"@id":"https:\/\/alpha-technologie.com\/#website"},"datePublished":"2024-09-24T10:43:35+00:00","dateModified":"2024-09-24T11:43:03+00:00","breadcrumb":{"@id":"https:\/\/alpha-technologie.com\/?page_id=283#breadcrumb"},"inLanguage":"fr-FR","potentialAction":[{"@type":"ReadAction","target":["https:\/\/alpha-technologie.com\/?page_id=283"]}]},{"@type":"BreadcrumbList","@id":"https:\/\/alpha-technologie.com\/?page_id=283#breadcrumb","itemListElement":[{"@type":"ListItem","position":1,"name":"Accueil","item":"https:\/\/alpha-technologie.com\/"},{"@type":"ListItem","position":2,"name":"Contact"}]},{"@type":"WebSite","@id":"https:\/\/alpha-technologie.com\/#website","url":"https:\/\/alpha-technologie.com\/","name":"Alpha Tech","description":"Votre s\u00e9curit\u00e9, notre priorit\u00e9","publisher":{"@id":"https:\/\/alpha-technologie.com\/#organization"},"alternateName":"Alpha tech","potentialAction":[{"@type":"SearchAction","target":{"@type":"EntryPoint","urlTemplate":"https:\/\/alpha-technologie.com\/?s={search_term_string}"},"query-input":{"@type":"PropertyValueSpecification","valueRequired":true,"valueName":"search_term_string"}}],"inLanguage":"fr-FR"},{"@type":"Organization","@id":"https:\/\/alpha-technologie.com\/#organization","name":"Alpha Tech","alternateName":"alphatech","url":"https:\/\/alpha-technologie.com\/","logo":{"@type":"ImageObject","inLanguage":"fr-FR","@id":"https:\/\/alpha-technologie.com\/#\/schema\/logo\/image\/","url":"http:\/\/alpha-technologie.com\/wp-content\/uploads\/2023\/08\/logo-seydou.jpg","contentUrl":"http:\/\/alpha-technologie.com\/wp-content\/uploads\/2023\/08\/logo-seydou.jpg","width":800,"height":437,"caption":"Alpha Tech"},"image":{"@id":"https:\/\/alpha-technologie.com\/#\/schema\/logo\/image\/"},"sameAs":["https:\/\/www.facebook.com\/profile.php?id=61555275631156"]}]}},"_links":{"self":[{"href":"http:\/\/alpha-technologie.com\/index.php?rest_route=\/wp\/v2\/pages\/283","targetHints":{"allow":["GET"]}}],"collection":[{"href":"http:\/\/alpha-technologie.com\/index.php?rest_route=\/wp\/v2\/pages"}],"about":[{"href":"http:\/\/alpha-technologie.com\/index.php?rest_route=\/wp\/v2\/types\/page"}],"author":[{"embeddable":true,"href":"http:\/\/alpha-technologie.com\/index.php?rest_route=\/wp\/v2\/users\/1"}],"replies":[{"embeddable":true,"href":"http:\/\/alpha-technologie.com\/index.php?rest_route=%2Fwp%2Fv2%2Fcomments&post=283"}],"version-history":[{"count":3,"href":"http:\/\/alpha-technologie.com\/index.php?rest_route=\/wp\/v2\/pages\/283\/revisions"}],"predecessor-version":[{"id":286,"href":"http:\/\/alpha-technologie.com\/index.php?rest_route=\/wp\/v2\/pages\/283\/revisions\/286"}],"wp:attachment":[{"href":"http:\/\/alpha-technologie.com\/index.php?rest_route=%2Fwp%2Fv2%2Fmedia&parent=283"}],"curies":[{"name":"wp","href":"https:\/\/api.w.org\/{rel}","templated":true}]}}