{"id":302,"date":"2025-01-19T23:45:17","date_gmt":"2025-01-19T23:45:17","guid":{"rendered":"http:\/\/alpha-technologie.com\/?page_id=302"},"modified":"2025-01-19T23:53:55","modified_gmt":"2025-01-19T23:53:55","slug":"galeries-photos","status":"publish","type":"page","link":"http:\/\/alpha-technologie.com\/?page_id=302","title":{"rendered":"Galeries photos"},"content":{"rendered":"[vc_row][vc_column][vc_media_grid grid_id=\u00a0\u00bbvc_gid:1737330719085-62c7a0520cb0847ffcb8a8e74d63db1f-2&Prime; include=\u00a0\u00bb327,326,325,324,323,322,321,320,319,310,311,312,313,314,315,316,317,318,309,308,307,306,305,304,303&Prime;][\/vc_column][\/vc_row]\n","protected":false},"excerpt":{"rendered":"<p>[vc_row][vc_column][vc_media_grid grid_id=\u00a0\u00bbvc_gid:1737330719085-62c7a0520cb0847ffcb8a8e74d63db1f-2&Prime; include=\u00a0\u00bb327,326,325,324,323,322,321,320,319,310,311,312,313,314,315,316,317,318,309,308,307,306,305,304,303&Prime;][\/vc_column][\/vc_row]<\/p>\n","protected":false},"author":1,"featured_media":0,"parent":0,"menu_order":0,"comment_status":"closed","ping_status":"closed","template":"","meta":{"footnotes":""},"class_list":["post-302","page","type-page","status-publish","hentry"],"yoast_head":"<!-- This site is optimized with the Yoast SEO plugin v23.5 - https:\/\/yoast.com\/wordpress\/plugins\/seo\/ -->\n<title>Galeries photos - Alpha Tech<\/title>\n<meta name=\"robots\" content=\"index, follow, max-snippet:-1, max-image-preview:large, max-video-preview:-1\" \/>\n<link rel=\"canonical\" href=\"https:\/\/alpha-technologie.com\/?page_id=302\" \/>\n<meta property=\"og:locale\" content=\"fr_FR\" \/>\n<meta property=\"og:type\" content=\"article\" \/>\n<meta property=\"og:title\" content=\"Galeries photos - Alpha Tech\" \/>\n<meta property=\"og:description\" content=\"[vc_row][vc_column][vc_media_grid grid_id=\u00a0\u00bbvc_gid:1737330719085-62c7a0520cb0847ffcb8a8e74d63db1f-2&Prime; include=\u00a0\u00bb327,326,325,324,323,322,321,320,319,310,311,312,313,314,315,316,317,318,309,308,307,306,305,304,303&Prime;][\/vc_column][\/vc_row]\" \/>\n<meta property=\"og:url\" content=\"https:\/\/alpha-technologie.com\/?page_id=302\" \/>\n<meta property=\"og:site_name\" content=\"Alpha Tech\" \/>\n<meta property=\"article:publisher\" content=\"https:\/\/www.facebook.com\/profile.php?id=61555275631156\" \/>\n<meta property=\"article:modified_time\" content=\"2025-01-19T23:53:55+00:00\" \/>\n<meta property=\"og:image\" content=\"http:\/\/alpha-technologie.com\/wp-content\/uploads\/2023\/08\/logo-seydou.jpg\" \/>\n\t<meta property=\"og:image:width\" content=\"800\" \/>\n\t<meta property=\"og:image:height\" content=\"437\" \/>\n\t<meta property=\"og:image:type\" content=\"image\/jpeg\" \/>\n<meta name=\"twitter:card\" content=\"summary_large_image\" \/>\n<meta name=\"twitter:label1\" content=\"Dur\u00e9e de lecture estim\u00e9e\" \/>\n\t<meta name=\"twitter:data1\" content=\"6 minutes\" \/>\n<script type=\"application\/ld+json\" class=\"yoast-schema-graph\">{\"@context\":\"https:\/\/schema.org\",\"@graph\":[{\"@type\":\"WebPage\",\"@id\":\"https:\/\/alpha-technologie.com\/?page_id=302\",\"url\":\"https:\/\/alpha-technologie.com\/?page_id=302\",\"name\":\"Galeries photos - Alpha Tech\",\"isPartOf\":{\"@id\":\"https:\/\/alpha-technologie.com\/#website\"},\"datePublished\":\"2025-01-19T23:45:17+00:00\",\"dateModified\":\"2025-01-19T23:53:55+00:00\",\"breadcrumb\":{\"@id\":\"https:\/\/alpha-technologie.com\/?page_id=302#breadcrumb\"},\"inLanguage\":\"fr-FR\",\"potentialAction\":[{\"@type\":\"ReadAction\",\"target\":[\"https:\/\/alpha-technologie.com\/?page_id=302\"]}]},{\"@type\":\"BreadcrumbList\",\"@id\":\"https:\/\/alpha-technologie.com\/?page_id=302#breadcrumb\",\"itemListElement\":[{\"@type\":\"ListItem\",\"position\":1,\"name\":\"Accueil\",\"item\":\"https:\/\/alpha-technologie.com\/\"},{\"@type\":\"ListItem\",\"position\":2,\"name\":\"Galeries photos\"}]},{\"@type\":\"WebSite\",\"@id\":\"https:\/\/alpha-technologie.com\/#website\",\"url\":\"https:\/\/alpha-technologie.com\/\",\"name\":\"Alpha Tech\",\"description\":\"Votre s\u00e9curit\u00e9, notre priorit\u00e9\",\"publisher\":{\"@id\":\"https:\/\/alpha-technologie.com\/#organization\"},\"alternateName\":\"Alpha tech\",\"potentialAction\":[{\"@type\":\"SearchAction\",\"target\":{\"@type\":\"EntryPoint\",\"urlTemplate\":\"https:\/\/alpha-technologie.com\/?s={search_term_string}\"},\"query-input\":{\"@type\":\"PropertyValueSpecification\",\"valueRequired\":true,\"valueName\":\"search_term_string\"}}],\"inLanguage\":\"fr-FR\"},{\"@type\":\"Organization\",\"@id\":\"https:\/\/alpha-technologie.com\/#organization\",\"name\":\"Alpha Tech\",\"alternateName\":\"alphatech\",\"url\":\"https:\/\/alpha-technologie.com\/\",\"logo\":{\"@type\":\"ImageObject\",\"inLanguage\":\"fr-FR\",\"@id\":\"https:\/\/alpha-technologie.com\/#\/schema\/logo\/image\/\",\"url\":\"http:\/\/alpha-technologie.com\/wp-content\/uploads\/2023\/08\/logo-seydou.jpg\",\"contentUrl\":\"http:\/\/alpha-technologie.com\/wp-content\/uploads\/2023\/08\/logo-seydou.jpg\",\"width\":800,\"height\":437,\"caption\":\"Alpha Tech\"},\"image\":{\"@id\":\"https:\/\/alpha-technologie.com\/#\/schema\/logo\/image\/\"},\"sameAs\":[\"https:\/\/www.facebook.com\/profile.php?id=61555275631156\"]}]}<\/script>\n<!-- \/ Yoast SEO plugin. -->","yoast_head_json":{"title":"Galeries photos - Alpha Tech","robots":{"index":"index","follow":"follow","max-snippet":"max-snippet:-1","max-image-preview":"max-image-preview:large","max-video-preview":"max-video-preview:-1"},"canonical":"https:\/\/alpha-technologie.com\/?page_id=302","og_locale":"fr_FR","og_type":"article","og_title":"Galeries photos - Alpha Tech","og_description":"[vc_row][vc_column][vc_media_grid grid_id=\u00a0\u00bbvc_gid:1737330719085-62c7a0520cb0847ffcb8a8e74d63db1f-2&Prime; include=\u00a0\u00bb327,326,325,324,323,322,321,320,319,310,311,312,313,314,315,316,317,318,309,308,307,306,305,304,303&Prime;][\/vc_column][\/vc_row]","og_url":"https:\/\/alpha-technologie.com\/?page_id=302","og_site_name":"Alpha Tech","article_publisher":"https:\/\/www.facebook.com\/profile.php?id=61555275631156","article_modified_time":"2025-01-19T23:53:55+00:00","og_image":[{"width":800,"height":437,"url":"http:\/\/alpha-technologie.com\/wp-content\/uploads\/2023\/08\/logo-seydou.jpg","type":"image\/jpeg"}],"twitter_card":"summary_large_image","twitter_misc":{"Dur\u00e9e de lecture estim\u00e9e":"6 minutes"},"schema":{"@context":"https:\/\/schema.org","@graph":[{"@type":"WebPage","@id":"https:\/\/alpha-technologie.com\/?page_id=302","url":"https:\/\/alpha-technologie.com\/?page_id=302","name":"Galeries photos - Alpha Tech","isPartOf":{"@id":"https:\/\/alpha-technologie.com\/#website"},"datePublished":"2025-01-19T23:45:17+00:00","dateModified":"2025-01-19T23:53:55+00:00","breadcrumb":{"@id":"https:\/\/alpha-technologie.com\/?page_id=302#breadcrumb"},"inLanguage":"fr-FR","potentialAction":[{"@type":"ReadAction","target":["https:\/\/alpha-technologie.com\/?page_id=302"]}]},{"@type":"BreadcrumbList","@id":"https:\/\/alpha-technologie.com\/?page_id=302#breadcrumb","itemListElement":[{"@type":"ListItem","position":1,"name":"Accueil","item":"https:\/\/alpha-technologie.com\/"},{"@type":"ListItem","position":2,"name":"Galeries photos"}]},{"@type":"WebSite","@id":"https:\/\/alpha-technologie.com\/#website","url":"https:\/\/alpha-technologie.com\/","name":"Alpha Tech","description":"Votre s\u00e9curit\u00e9, notre priorit\u00e9","publisher":{"@id":"https:\/\/alpha-technologie.com\/#organization"},"alternateName":"Alpha tech","potentialAction":[{"@type":"SearchAction","target":{"@type":"EntryPoint","urlTemplate":"https:\/\/alpha-technologie.com\/?s={search_term_string}"},"query-input":{"@type":"PropertyValueSpecification","valueRequired":true,"valueName":"search_term_string"}}],"inLanguage":"fr-FR"},{"@type":"Organization","@id":"https:\/\/alpha-technologie.com\/#organization","name":"Alpha Tech","alternateName":"alphatech","url":"https:\/\/alpha-technologie.com\/","logo":{"@type":"ImageObject","inLanguage":"fr-FR","@id":"https:\/\/alpha-technologie.com\/#\/schema\/logo\/image\/","url":"http:\/\/alpha-technologie.com\/wp-content\/uploads\/2023\/08\/logo-seydou.jpg","contentUrl":"http:\/\/alpha-technologie.com\/wp-content\/uploads\/2023\/08\/logo-seydou.jpg","width":800,"height":437,"caption":"Alpha Tech"},"image":{"@id":"https:\/\/alpha-technologie.com\/#\/schema\/logo\/image\/"},"sameAs":["https:\/\/www.facebook.com\/profile.php?id=61555275631156"]}]}},"_links":{"self":[{"href":"http:\/\/alpha-technologie.com\/index.php?rest_route=\/wp\/v2\/pages\/302","targetHints":{"allow":["GET"]}}],"collection":[{"href":"http:\/\/alpha-technologie.com\/index.php?rest_route=\/wp\/v2\/pages"}],"about":[{"href":"http:\/\/alpha-technologie.com\/index.php?rest_route=\/wp\/v2\/types\/page"}],"author":[{"embeddable":true,"href":"http:\/\/alpha-technologie.com\/index.php?rest_route=\/wp\/v2\/users\/1"}],"replies":[{"embeddable":true,"href":"http:\/\/alpha-technologie.com\/index.php?rest_route=%2Fwp%2Fv2%2Fcomments&post=302"}],"version-history":[{"count":4,"href":"http:\/\/alpha-technologie.com\/index.php?rest_route=\/wp\/v2\/pages\/302\/revisions"}],"predecessor-version":[{"id":331,"href":"http:\/\/alpha-technologie.com\/index.php?rest_route=\/wp\/v2\/pages\/302\/revisions\/331"}],"wp:attachment":[{"href":"http:\/\/alpha-technologie.com\/index.php?rest_route=%2Fwp%2Fv2%2Fmedia&parent=302"}],"curies":[{"name":"wp","href":"https:\/\/api.w.org\/{rel}","templated":true}]}}